{"id":36037,"date":"2020-04-27T09:34:18","date_gmt":"2020-04-27T08:34:18","guid":{"rendered":"https:\/\/www.rafraichisseur-air.fr\/politica-de-privacidade\/"},"modified":"2024-07-08T17:02:54","modified_gmt":"2024-07-08T16:02:54","slug":"politica-de-privacidade","status":"publish","type":"page","link":"https:\/\/www.rafraichisseur-air.fr\/pt-pt\/politica-de-privacidade\/","title":{"rendered":"Pol\u00edtica de privacidade"},"content":{"rendered":"\t\t<div data-elementor-type=\"wp-page\" data-elementor-id=\"36037\" class=\"elementor elementor-36037 elementor-13325\">\n\t\t\t\t\t\t<section class=\"elementor-section elementor-top-section elementor-element elementor-element-201be8ce elementor-section-full_width elementor-section-height-default elementor-section-height-default parallax_section_no qodef_elementor_container_no\" data-id=\"201be8ce\" data-element_type=\"section\" data-settings=\"{&quot;background_background&quot;:&quot;classic&quot;,&quot;shape_divider_bottom&quot;:&quot;opacity-tilt&quot;}\">\n\t\t\t\t\t\t\t<div class=\"elementor-background-overlay\"><\/div>\n\t\t\t\t\t\t<div class=\"elementor-shape elementor-shape-bottom\" data-negative=\"false\">\n\t\t\t<svg xmlns=\"http:\/\/www.w3.org\/2000\/svg\" viewBox=\"0 0 2600 131.1\" preserveAspectRatio=\"none\">\n\t<path class=\"elementor-shape-fill\" d=\"M0 0L2600 0 2600 69.1 0 0z\"\/>\n\t<path class=\"elementor-shape-fill\" style=\"opacity:0.5\" d=\"M0 0L2600 0 2600 69.1 0 69.1z\"\/>\n\t<path class=\"elementor-shape-fill\" style=\"opacity:0.25\" d=\"M2600 0L0 0 0 130.1 2600 69.1z\"\/>\n<\/svg>\t\t<\/div>\n\t\t\t\t\t<div class=\"elementor-container elementor-column-gap-default\">\n\t\t\t\t\t<div class=\"elementor-column elementor-col-100 elementor-top-column elementor-element elementor-element-48ad0ffc\" data-id=\"48ad0ffc\" data-element_type=\"column\">\n\t\t\t<div class=\"elementor-widget-wrap elementor-element-populated\">\n\t\t\t\t\t\t<section class=\"elementor-section elementor-inner-section elementor-element elementor-element-151c9dae qodef_elementor_container_inner elementor-section-boxed elementor-section-height-default elementor-section-height-default parallax_section_no\" data-id=\"151c9dae\" data-element_type=\"section\">\n\t\t\t\t\t\t<div class=\"elementor-container elementor-column-gap-default\">\n\t\t\t\t\t<div class=\"elementor-column elementor-col-100 elementor-inner-column elementor-element elementor-element-29d79c74\" data-id=\"29d79c74\" data-element_type=\"column\">\n\t\t\t<div class=\"elementor-widget-wrap elementor-element-populated\">\n\t\t\t\t\t\t<div class=\"elementor-element elementor-element-4fe6fad4 elementor-invisible elementor-widget elementor-widget-heading\" data-id=\"4fe6fad4\" data-element_type=\"widget\" data-settings=\"{&quot;_animation&quot;:&quot;slideInLeft&quot;}\" data-widget_type=\"heading.default\">\n\t\t\t\t<div class=\"elementor-widget-container\">\n\t\t\t<h1 class=\"elementor-heading-title elementor-size-default\">Pol\u00edtica de privacidade<\/h1>\t\t<\/div>\n\t\t\t\t<\/div>\n\t\t\t\t<div class=\"elementor-element elementor-element-61026dc5 elementor-widget elementor-widget-spacer\" data-id=\"61026dc5\" data-element_type=\"widget\" data-widget_type=\"spacer.default\">\n\t\t\t\t<div class=\"elementor-widget-container\">\n\t\t\t\t\t<div class=\"elementor-spacer\">\n\t\t\t<div class=\"elementor-spacer-inner\"><\/div>\n\t\t<\/div>\n\t\t\t\t<\/div>\n\t\t\t\t<\/div>\n\t\t\t\t\t<\/div>\n\t\t<\/div>\n\t\t\t\t\t<\/div>\n\t\t<\/section>\n\t\t\t\t\t<\/div>\n\t\t<\/div>\n\t\t\t\t\t<\/div>\n\t\t<\/section>\n\t\t\t\t<section class=\"elementor-section elementor-top-section elementor-element elementor-element-1be1b975 elementor-section-full_width elementor-section-height-default elementor-section-height-default parallax_section_no qodef_elementor_container_no\" data-id=\"1be1b975\" data-element_type=\"section\" data-settings=\"{&quot;background_background&quot;:&quot;classic&quot;,&quot;shape_divider_top&quot;:&quot;tilt&quot;}\">\n\t\t\t\t\t<div class=\"elementor-shape elementor-shape-top\" data-negative=\"false\">\n\t\t\t<svg xmlns=\"http:\/\/www.w3.org\/2000\/svg\" viewBox=\"0 0 1000 100\" preserveAspectRatio=\"none\">\n\t<path class=\"elementor-shape-fill\" d=\"M0,6V0h1000v100L0,6z\"\/>\n<\/svg>\t\t<\/div>\n\t\t\t\t\t<div class=\"elementor-container elementor-column-gap-default\">\n\t\t\t\t\t<div class=\"elementor-column elementor-col-100 elementor-top-column elementor-element elementor-element-3ae435db\" data-id=\"3ae435db\" data-element_type=\"column\">\n\t\t\t<div class=\"elementor-widget-wrap elementor-element-populated\">\n\t\t\t\t\t\t<section class=\"elementor-section elementor-inner-section elementor-element elementor-element-1ec17c5d qodef_elementor_container_inner elementor-section-boxed elementor-section-height-default elementor-section-height-default parallax_section_no\" data-id=\"1ec17c5d\" data-element_type=\"section\">\n\t\t\t\t\t\t<div class=\"elementor-container elementor-column-gap-default\">\n\t\t\t\t\t<div class=\"elementor-column elementor-col-100 elementor-inner-column elementor-element elementor-element-14c3082e\" data-id=\"14c3082e\" data-element_type=\"column\" data-settings=\"{&quot;animation&quot;:&quot;none&quot;}\">\n\t\t\t<div class=\"elementor-widget-wrap elementor-element-populated\">\n\t\t\t\t\t\t<div class=\"elementor-element elementor-element-e6a7425 elementor-widget elementor-widget-text-editor\" data-id=\"e6a7425\" data-element_type=\"widget\" data-widget_type=\"text-editor.default\">\n\t\t\t\t<div class=\"elementor-widget-container\">\n\t\t\t\t\t\t\t<p>Ao navegar no s\u00edtio e ao comunicar com a Foxair, o utilizador \u00e9 obrigado a comunicar uma certa quantidade de dados pessoais, especialmente ao preencher o formul\u00e1rio de contacto na p\u00e1gina de <a href=\"https:\/\/www.rafraichisseur-air.fr\/pt-pt\/contacto\/\">contacto<\/a>.<\/p>\n<p>Neste contexto, a Foxair garante que cumpre a legisla\u00e7\u00e3o relativa \u00e0 prote\u00e7\u00e3o desses dados pessoais e, em particular, o Regulamento Geral Europeu de Prote\u00e7\u00e3o de Dados n.\u00ba 2016-679, de 16 de abril de 2016, conhecido como o &#8220;RGPD&#8221;, e a Lei de 6 de janeiro de 1978 relativa ao tratamento de dados, ficheiros e liberdades, tal como alterada, em particular pela chamada Lei &#8220;LIL3&#8221; n.\u00ba 2018-493, de 20 de junho de 2018, e o seu decreto de execu\u00e7\u00e3o, bem como a ordem de reescrita n.\u00ba 2018-1225, de 12 de dezembro de 2018.<\/p>\n<p>A este respeito, os Utilizadores s\u00e3o avisados de que :<\/p>\n<ul>\n<li>O respons\u00e1vel pelo tratamento dos dados \u00e9: Foxair, registada sob o n\u00famero 450 697 834 &#8211; 2 rue Gabriel Bourdarias, 69200 V\u00e9nissieux &#8211; Tel. : +33 4 78 84 40 00<\/li>\n<\/ul>\n<ul>\n<li>O objetivo do tratamento \u00e9 :\n<ul>\n<li>Contactar o utilizador para responder aos seus pedidos.<\/li>\n<li>Contactar o Utilizador para fins informativos ou de marketing.<\/li>\n<\/ul>\n<\/li>\n<\/ul>\n<ul>\n<li>A base legal para o processamento \u00e9 :\n<ul>\n<li>Interesse leg\u00edtimo, que se justifica pela necessidade de responder a pedidos do Utilizador, para processar os seus pedidos e para efeitos de divulga\u00e7\u00e3o de informa\u00e7\u00f5es \u00fateis ao Utilizador.<\/li>\n<li>O consentimento do Utilizador para fins comerciais ou de marketing, sendo especificado que o Utilizador tem o direito de retirar o consentimento a qualquer momento.<\/li>\n<\/ul>\n<\/li>\n<\/ul>\n<ul>\n<li>Os destinat\u00e1rios dos dados s\u00e3o, dentro dos limites das suas respectivas responsabilidades :\n<ul>\n<li>membros da equipa de comunica\u00e7\u00e3o,<\/li>\n<li>a equipa de TI,<\/li>\n<li>e a equipa de vendas da Foxair<\/li>\n<\/ul>\n<\/li>\n<\/ul>\n<ul>\n<li>Os dados s\u00e3o conservados durante o seguinte per\u00edodo:\n<ul>\n<li>durante 3 anos a partir do nosso \u00faltimo contacto contigo.<\/li>\n<\/ul>\n<\/li>\n<\/ul>\n<ul>\n<li>Os utilizadores s\u00e3o informados de que t\u00eam o direito de aceder, retificar, apagar e opor-se aos seus dados pessoais, o direito de limitar o tratamento, o direito \u00e0 portabilidade dos dados e o direito de n\u00e3o serem objeto de uma decis\u00e3o individual automatizada (incluindo a defini\u00e7\u00e3o de perfis). Para exercer este direito, basta escrever ou enviar uma mensagem de correio eletr\u00f3nico para os dados de contacto acima indicados.<\/li>\n<\/ul>\n<ul>\n<li>Nos termos do artigo L.223-1 do C\u00f3digo do Consumo franc\u00eas, independentemente da rela\u00e7\u00e3o entre o utilizador e a Foxair e em geral, a Foxair tem igualmente o direito de se inscrever gratuitamente numa lista de pessoas que se op\u00f5em \u00e0 prospe\u00e7\u00e3o telef\u00f3nica, caso n\u00e3o desejem ser contactadas por telefone.<\/li>\n<\/ul>\n<ul>\n<li>Em caso de lit\u00edgio relativo ao tratamento dos dados pessoais do Utilizador, este pode apresentar uma reclama\u00e7\u00e3o junto da autoridade de controlo, neste caso a CNIL<a href=\"https:\/\/www.cnil.fr\">(https:\/\/www.cnil.fr)<\/a>.<\/li>\n<\/ul>\n<ul>\n<li>Os dados ser\u00e3o armazenados e processados na Uni\u00e3o Europeia.<\/li>\n<\/ul>\n\t\t\t\t\t\t<\/div>\n\t\t\t\t<\/div>\n\t\t\t\t\t<\/div>\n\t\t<\/div>\n\t\t\t\t\t<\/div>\n\t\t<\/section>\n\t\t\t\t\t<\/div>\n\t\t<\/div>\n\t\t\t\t\t<\/div>\n\t\t<\/section>\n\t\t\t\t<\/div>\n\t\t","protected":false},"excerpt":{"rendered":"<p>Pol\u00edtica de privacidade Ao navegar no s\u00edtio e ao comunicar com a Foxair, o utilizador \u00e9 obrigado a comunicar uma certa&#8230;<\/p>\n","protected":false},"author":1,"featured_media":0,"parent":0,"menu_order":8,"comment_status":"closed","ping_status":"closed","template":"full-width.php","meta":{"footnotes":""},"yoast_head":"<!-- This site is optimized with the Yoast SEO plugin v23.0 - https:\/\/yoast.com\/wordpress\/plugins\/seo\/ -->\n<title>Pol\u00edtica de privacidade - Foxair<\/title>\n<meta name=\"robots\" content=\"index, follow, max-snippet:-1, max-image-preview:large, max-video-preview:-1\" \/>\n<link rel=\"canonical\" href=\"https:\/\/www.rafraichisseur-air.fr\/pt-pt\/politica-de-privacidade\/\" \/>\n<meta property=\"og:locale\" content=\"pt_PT\" \/>\n<meta property=\"og:type\" content=\"article\" \/>\n<meta property=\"og:title\" content=\"Pol\u00edtica de privacidade - Foxair\" \/>\n<meta property=\"og:description\" content=\"Pol\u00edtica de privacidade Ao navegar no s\u00edtio e ao comunicar com a Foxair, o utilizador \u00e9 obrigado a comunicar uma certa...\" \/>\n<meta property=\"og:url\" content=\"https:\/\/www.rafraichisseur-air.fr\/pt-pt\/politica-de-privacidade\/\" \/>\n<meta property=\"og:site_name\" content=\"Foxair\" \/>\n<meta property=\"article:publisher\" content=\"https:\/\/www.facebook.com\/foxair.france\" \/>\n<meta property=\"article:modified_time\" content=\"2024-07-08T16:02:54+00:00\" \/>\n<meta property=\"og:image\" content=\"https:\/\/www.rafraichisseur-air.fr\/wp-content\/uploads\/2015\/05\/logo-foxair.png\" \/>\n\t<meta property=\"og:image:width\" content=\"320\" \/>\n\t<meta property=\"og:image:height\" content=\"90\" \/>\n\t<meta property=\"og:image:type\" content=\"image\/png\" \/>\n<meta name=\"twitter:card\" content=\"summary_large_image\" \/>\n<meta name=\"twitter:label1\" content=\"Tempo estimado de leitura\" \/>\n\t<meta name=\"twitter:data1\" content=\"2 minutos\" \/>\n<script type=\"application\/ld+json\" class=\"yoast-schema-graph\">{\"@context\":\"https:\/\/schema.org\",\"@graph\":[{\"@type\":\"WebPage\",\"@id\":\"https:\/\/www.rafraichisseur-air.fr\/pt-pt\/politica-de-privacidade\/\",\"url\":\"https:\/\/www.rafraichisseur-air.fr\/pt-pt\/politica-de-privacidade\/\",\"name\":\"Pol\u00edtica de privacidade - Foxair\",\"isPartOf\":{\"@id\":\"https:\/\/www.rafraichisseur-air.fr\/pt-pt\/#website\"},\"datePublished\":\"2020-04-27T08:34:18+00:00\",\"dateModified\":\"2024-07-08T16:02:54+00:00\",\"inLanguage\":\"pt-PT\",\"potentialAction\":[{\"@type\":\"ReadAction\",\"target\":[\"https:\/\/www.rafraichisseur-air.fr\/pt-pt\/politica-de-privacidade\/\"]}]},{\"@type\":\"WebSite\",\"@id\":\"https:\/\/www.rafraichisseur-air.fr\/pt-pt\/#website\",\"url\":\"https:\/\/www.rafraichisseur-air.fr\/pt-pt\/\",\"name\":\"Foxair\",\"description\":\"Rafra\u00eechisseur d&#039;air par \u00e9vaporation\",\"potentialAction\":[{\"@type\":\"SearchAction\",\"target\":{\"@type\":\"EntryPoint\",\"urlTemplate\":\"https:\/\/www.rafraichisseur-air.fr\/pt-pt\/?s={search_term_string}\"},\"query-input\":\"required name=search_term_string\"}],\"inLanguage\":\"pt-PT\"}]}<\/script>\n<!-- \/ Yoast SEO plugin. -->","yoast_head_json":{"title":"Pol\u00edtica de privacidade - Foxair","robots":{"index":"index","follow":"follow","max-snippet":"max-snippet:-1","max-image-preview":"max-image-preview:large","max-video-preview":"max-video-preview:-1"},"canonical":"https:\/\/www.rafraichisseur-air.fr\/pt-pt\/politica-de-privacidade\/","og_locale":"pt_PT","og_type":"article","og_title":"Pol\u00edtica de privacidade - Foxair","og_description":"Pol\u00edtica de privacidade Ao navegar no s\u00edtio e ao comunicar com a Foxair, o utilizador \u00e9 obrigado a comunicar uma certa...","og_url":"https:\/\/www.rafraichisseur-air.fr\/pt-pt\/politica-de-privacidade\/","og_site_name":"Foxair","article_publisher":"https:\/\/www.facebook.com\/foxair.france","article_modified_time":"2024-07-08T16:02:54+00:00","og_image":[{"width":320,"height":90,"url":"https:\/\/www.rafraichisseur-air.fr\/wp-content\/uploads\/2015\/05\/logo-foxair.png","type":"image\/png"}],"twitter_card":"summary_large_image","twitter_misc":{"Tempo estimado de leitura":"2 minutos"},"schema":{"@context":"https:\/\/schema.org","@graph":[{"@type":"WebPage","@id":"https:\/\/www.rafraichisseur-air.fr\/pt-pt\/politica-de-privacidade\/","url":"https:\/\/www.rafraichisseur-air.fr\/pt-pt\/politica-de-privacidade\/","name":"Pol\u00edtica de privacidade - Foxair","isPartOf":{"@id":"https:\/\/www.rafraichisseur-air.fr\/pt-pt\/#website"},"datePublished":"2020-04-27T08:34:18+00:00","dateModified":"2024-07-08T16:02:54+00:00","inLanguage":"pt-PT","potentialAction":[{"@type":"ReadAction","target":["https:\/\/www.rafraichisseur-air.fr\/pt-pt\/politica-de-privacidade\/"]}]},{"@type":"WebSite","@id":"https:\/\/www.rafraichisseur-air.fr\/pt-pt\/#website","url":"https:\/\/www.rafraichisseur-air.fr\/pt-pt\/","name":"Foxair","description":"Rafra\u00eechisseur d&#039;air par \u00e9vaporation","potentialAction":[{"@type":"SearchAction","target":{"@type":"EntryPoint","urlTemplate":"https:\/\/www.rafraichisseur-air.fr\/pt-pt\/?s={search_term_string}"},"query-input":"required name=search_term_string"}],"inLanguage":"pt-PT"}]}},"_links":{"self":[{"href":"https:\/\/www.rafraichisseur-air.fr\/pt-pt\/wp-json\/wp\/v2\/pages\/36037"}],"collection":[{"href":"https:\/\/www.rafraichisseur-air.fr\/pt-pt\/wp-json\/wp\/v2\/pages"}],"about":[{"href":"https:\/\/www.rafraichisseur-air.fr\/pt-pt\/wp-json\/wp\/v2\/types\/page"}],"author":[{"embeddable":true,"href":"https:\/\/www.rafraichisseur-air.fr\/pt-pt\/wp-json\/wp\/v2\/users\/1"}],"replies":[{"embeddable":true,"href":"https:\/\/www.rafraichisseur-air.fr\/pt-pt\/wp-json\/wp\/v2\/comments?post=36037"}],"version-history":[{"count":0,"href":"https:\/\/www.rafraichisseur-air.fr\/pt-pt\/wp-json\/wp\/v2\/pages\/36037\/revisions"}],"wp:attachment":[{"href":"https:\/\/www.rafraichisseur-air.fr\/pt-pt\/wp-json\/wp\/v2\/media?parent=36037"}],"curies":[{"name":"wp","href":"https:\/\/api.w.org\/{rel}","templated":true}]}}