{"id":33327,"date":"2015-05-26T09:48:10","date_gmt":"2015-05-26T08:48:10","guid":{"rendered":"https:\/\/www.rafraichisseur-air.fr\/informacao-juridica\/"},"modified":"2024-07-08T15:38:40","modified_gmt":"2024-07-08T14:38:40","slug":"informacao-juridica","status":"publish","type":"page","link":"https:\/\/www.rafraichisseur-air.fr\/pt-pt\/informacao-juridica\/","title":{"rendered":"Informa\u00e7\u00e3o jur\u00eddica"},"content":{"rendered":"\t\t<div data-elementor-type=\"wp-page\" data-elementor-id=\"33327\" class=\"elementor elementor-33327 elementor-11539\">\n\t\t\t\t\t\t<section class=\"elementor-section elementor-top-section elementor-element elementor-element-42da5e6e elementor-section-full_width elementor-section-height-default elementor-section-height-default parallax_section_no qodef_elementor_container_no\" data-id=\"42da5e6e\" data-element_type=\"section\" data-settings=\"{&quot;background_background&quot;:&quot;classic&quot;,&quot;shape_divider_bottom&quot;:&quot;opacity-tilt&quot;}\">\n\t\t\t\t\t\t\t<div class=\"elementor-background-overlay\"><\/div>\n\t\t\t\t\t\t<div class=\"elementor-shape elementor-shape-bottom\" data-negative=\"false\">\n\t\t\t<svg xmlns=\"http:\/\/www.w3.org\/2000\/svg\" viewBox=\"0 0 2600 131.1\" preserveAspectRatio=\"none\">\n\t<path class=\"elementor-shape-fill\" d=\"M0 0L2600 0 2600 69.1 0 0z\"\/>\n\t<path class=\"elementor-shape-fill\" style=\"opacity:0.5\" d=\"M0 0L2600 0 2600 69.1 0 69.1z\"\/>\n\t<path class=\"elementor-shape-fill\" style=\"opacity:0.25\" d=\"M2600 0L0 0 0 130.1 2600 69.1z\"\/>\n<\/svg>\t\t<\/div>\n\t\t\t\t\t<div class=\"elementor-container elementor-column-gap-default\">\n\t\t\t\t\t<div class=\"elementor-column elementor-col-100 elementor-top-column elementor-element elementor-element-5b1eaf9d\" data-id=\"5b1eaf9d\" data-element_type=\"column\">\n\t\t\t<div class=\"elementor-widget-wrap elementor-element-populated\">\n\t\t\t\t\t\t<section class=\"elementor-section elementor-inner-section elementor-element elementor-element-435ea2f1 qodef_elementor_container_inner elementor-section-boxed elementor-section-height-default elementor-section-height-default parallax_section_no\" data-id=\"435ea2f1\" data-element_type=\"section\">\n\t\t\t\t\t\t<div class=\"elementor-container elementor-column-gap-default\">\n\t\t\t\t\t<div class=\"elementor-column elementor-col-100 elementor-inner-column elementor-element elementor-element-7de3f134\" data-id=\"7de3f134\" data-element_type=\"column\">\n\t\t\t<div class=\"elementor-widget-wrap elementor-element-populated\">\n\t\t\t\t\t\t<div class=\"elementor-element elementor-element-3785dd9c elementor-invisible elementor-widget elementor-widget-heading\" data-id=\"3785dd9c\" data-element_type=\"widget\" data-settings=\"{&quot;_animation&quot;:&quot;slideInLeft&quot;}\" data-widget_type=\"heading.default\">\n\t\t\t\t<div class=\"elementor-widget-container\">\n\t\t\t<h1 class=\"elementor-heading-title elementor-size-default\">Informa\u00e7\u00e3o jur\u00eddica<\/h1>\t\t<\/div>\n\t\t\t\t<\/div>\n\t\t\t\t<div class=\"elementor-element elementor-element-257b55f3 elementor-widget elementor-widget-spacer\" data-id=\"257b55f3\" data-element_type=\"widget\" data-widget_type=\"spacer.default\">\n\t\t\t\t<div class=\"elementor-widget-container\">\n\t\t\t\t\t<div class=\"elementor-spacer\">\n\t\t\t<div class=\"elementor-spacer-inner\"><\/div>\n\t\t<\/div>\n\t\t\t\t<\/div>\n\t\t\t\t<\/div>\n\t\t\t\t\t<\/div>\n\t\t<\/div>\n\t\t\t\t\t<\/div>\n\t\t<\/section>\n\t\t\t\t\t<\/div>\n\t\t<\/div>\n\t\t\t\t\t<\/div>\n\t\t<\/section>\n\t\t\t\t<section class=\"elementor-section elementor-top-section elementor-element elementor-element-6261c046 elementor-section-full_width elementor-section-height-default elementor-section-height-default parallax_section_no qodef_elementor_container_no\" data-id=\"6261c046\" data-element_type=\"section\" data-settings=\"{&quot;background_background&quot;:&quot;classic&quot;,&quot;shape_divider_top&quot;:&quot;tilt&quot;}\">\n\t\t\t\t\t<div class=\"elementor-shape elementor-shape-top\" data-negative=\"false\">\n\t\t\t<svg xmlns=\"http:\/\/www.w3.org\/2000\/svg\" viewBox=\"0 0 1000 100\" preserveAspectRatio=\"none\">\n\t<path class=\"elementor-shape-fill\" d=\"M0,6V0h1000v100L0,6z\"\/>\n<\/svg>\t\t<\/div>\n\t\t\t\t\t<div class=\"elementor-container elementor-column-gap-default\">\n\t\t\t\t\t<div class=\"elementor-column elementor-col-100 elementor-top-column elementor-element elementor-element-67aa75a\" data-id=\"67aa75a\" data-element_type=\"column\">\n\t\t\t<div class=\"elementor-widget-wrap elementor-element-populated\">\n\t\t\t\t\t\t<section class=\"elementor-section elementor-inner-section elementor-element elementor-element-73d0fce7 qodef_elementor_container_inner elementor-section-boxed elementor-section-height-default elementor-section-height-default parallax_section_no\" data-id=\"73d0fce7\" data-element_type=\"section\">\n\t\t\t\t\t\t<div class=\"elementor-container elementor-column-gap-default\">\n\t\t\t\t\t<div class=\"elementor-column elementor-col-100 elementor-inner-column elementor-element elementor-element-3552faa1\" data-id=\"3552faa1\" data-element_type=\"column\" data-settings=\"{&quot;animation&quot;:&quot;none&quot;}\">\n\t\t\t<div class=\"elementor-widget-wrap elementor-element-populated\">\n\t\t\t\t\t\t<div class=\"elementor-element elementor-element-f1a9db1 elementor-widget elementor-widget-text-editor\" data-id=\"f1a9db1\" data-element_type=\"widget\" data-widget_type=\"text-editor.default\">\n\t\t\t\t<div class=\"elementor-widget-container\">\n\t\t\t\t\t\t\t<p>As presentes Condi\u00e7\u00f5es Gerais t\u00eam por objetivo definir todas as condi\u00e7\u00f5es de acesso e utiliza\u00e7\u00e3o do S\u00edtio.<\/p>\n<p>O acesso e a utiliza\u00e7\u00e3o do S\u00edtio implicam a aceita\u00e7\u00e3o t\u00e1cita e sem reservas das presentes Condi\u00e7\u00f5es pelo Utilizador, na sua \u00faltima vers\u00e3o em linha.<\/p>\n<h2>1 &#8211; Informa\u00e7\u00f5es obrigat\u00f3rias<\/h2>\n<p>A FOXAIR est\u00e1 inscrita no Registo Comercial de LYON sob o n.o 852 828 060 e tem a sua sede social em 2 rue Gabriel Bourdarias, 69200 V\u00e9nissieux &#8211; Tel. : +33 4 78 84 40 00.<\/p>\n<p>Diretor da publica\u00e7\u00e3o: Laurent HAZOT.<\/p>\n<p>Design &amp; SEO : <em><br \/>\n  <a href=\"https:\/\/www.ionweb.fr\" target=\"_blank\" rel=\"nofollow noopener\">iOnweb<\/a><br \/>\n<\/em><\/p>\n<p>Anfitri\u00e3o: OVH, localizado em 2 rue Kellermann &#8211; 59100 Roubaix, Fran\u00e7a, www.ovh.com.<\/p>\n<h2>2 &#8211; Acesso e disponibilidade do s\u00edtio<\/h2>\n<p>O acesso ao site www.rafraichisseur-air.fr est\u00e1 aberto a qualquer pessoa que deseje obter informa\u00e7\u00f5es sobre as actividades da FOXAIR.<br \/>O acesso ao S\u00edtio \u00e9 assegurado de forma cont\u00ednua e permanente, salvo em caso de for\u00e7a maior ou de acontecimentos independentes da vontade da FOXAIR, e sob reserva de eventuais avarias e opera\u00e7\u00f5es de manuten\u00e7\u00e3o necess\u00e1rias ao bom funcionamento do S\u00edtio.<br \/>Al\u00e9m disso, devido \u00e0 pr\u00f3pria natureza da Internet, a FOXAIR n\u00e3o pode garantir que o Site funcione 24 horas por dia, 7 dias por semana.<\/p>\n<h2>3 &#8211; Responsabilidade civil<\/h2>\n<p>A FOXAIR esfor\u00e7a-se por fornecer aos utilizadores as informa\u00e7\u00f5es mais fi\u00e1veis e qualitativas poss\u00edveis.<br \/>A FOXAIR n\u00e3o garante, no entanto, a exatid\u00e3o ou a exaustividade das informa\u00e7\u00f5es publicadas no s\u00edtio. A FOXAIR n\u00e3o pode, portanto, ser responsabilizada por quaisquer danos directos ou indirectos sofridos pelos utilizadores ou por terceiros que possam ser causados pelas informa\u00e7\u00f5es publicadas no s\u00edtio e, de um modo mais geral, pela consulta e utiliza\u00e7\u00e3o do s\u00edtio.<br \/>A FOXAIR n\u00e3o controla os s\u00edtios ligados ao S\u00edtio atrav\u00e9s de liga\u00e7\u00f5es de hipertexto e declina qualquer responsabilidade por esses s\u00edtios e pelo seu conte\u00fado.<\/p>\n<h2>4- Confidencialidade e dados pessoais<\/h2>\n<p>Todos os dados, independentemente da sua natureza, foram declarados \u00e0 Comiss\u00e3o Nacional de Inform\u00e1tica e Liberdades (CNIL), em conformidade com as disposi\u00e7\u00f5es da Lei n.\u00ba 78-17, de 6 de janeiro de 1978, relativa ao tratamento de dados, ficheiros de dados e liberdades individuais, e apresentados ou recolhidos no s\u00edtio. Enquanto utilizador do S\u00edtio, autoriza a FOXAIR a utilizar estes dados pessoais.<br \/>Enquanto utilizador, tens o direito de aceder, modificar, retificar e apagar os dados que te dizem respeito (Lei de Prote\u00e7\u00e3o de Dados de 6 de janeiro de 1978, alterada).<br \/>Para solicitar a elimina\u00e7\u00e3o ou a retifica\u00e7\u00e3o, escreve para FOXAIR &#8211; 2 Rue Gabriel Bourdarias, 69200 V\u00e9nissieux.<\/p>\n<h2>5 &#8211; Biscoitos<\/h2>\n<p>A FOXAIR pode utilizar &#8220;cookies&#8221;.<br \/>O cookie n\u00e3o permite que sejas identificado pelo teu nome. Por outro lado, regista informa\u00e7\u00f5es relativas \u00e0 navega\u00e7\u00e3o do teu computador no nosso Site (as p\u00e1ginas que visitaste, a data e a hora da visita, etc.).<br \/>Isto permitir-nos-\u00e1 saber quais as partes do nosso Site que mais te interessam.<br \/>Para os utilizadores que comunicaram dados de identifica\u00e7\u00e3o (e-mail, palavra-passe, etc.) especificamente para utiliza\u00e7\u00e3o no s\u00edtio (espa\u00e7o pessoal, etc.), estes &#8220;cookies&#8221; evitar\u00e3o ter de fornecer estas informa\u00e7\u00f5es de identifica\u00e7\u00e3o todas as vezes, na medida em que estes cookies &#8220;reconhecer\u00e3o&#8221; o referido utilizador.<br \/>Podes detetar a exist\u00eancia destes &#8220;cookies&#8221; e, se necess\u00e1rio, elimin\u00e1-los.<br \/>Podes impedir que os cookies sejam guardados, desactivando esta fun\u00e7\u00e3o nas prefer\u00eancias do teu browser.<\/p>\n<h2>6 &#8211; Propriedade intelectual<\/h2>\n<p>Todos os textos, fotografias, v\u00eddeos, dados, cartazes, log\u00f3tipos, marcas e outros elementos reproduzidos no S\u00edtio s\u00e3o reservados e protegidos pelo direito de propriedade intelectual, nomeadamente os direitos de autor, os direitos conexos, os direitos de marca e pela legisla\u00e7\u00e3o relativa \u00e0 prote\u00e7\u00e3o das bases de dados.<br \/>Consequentemente, nenhuma utiliza\u00e7\u00e3o, distribui\u00e7\u00e3o, reprodu\u00e7\u00e3o ou outra opera\u00e7\u00e3o sobre estes documentos, mesmo parcial, pode ser efectuada sem a autoriza\u00e7\u00e3o expressa do autor, em conformidade com os artigos L. 111-1, L. 122-1 e L. 122-4 do C\u00f3digo da Propriedade Intelectual franc\u00eas.<br \/>S\u00f3 s\u00e3o autorizadas as excep\u00e7\u00f5es legais previstas no artigo L. 122-5 do C\u00f3digo da Propriedade Intelectual franc\u00eas, ou seja, a representa\u00e7\u00e3o no seio do c\u00edrculo familiar, a c\u00f3pia privada ou o direito de cita\u00e7\u00e3o curta (desde que, neste caso, o nome do autor e a fonte sejam claramente indicados).<br \/>O n\u00e3o cumprimento destas disposi\u00e7\u00f5es constitui contrafa\u00e7\u00e3o e pode dar origem a ac\u00e7\u00f5es judiciais, incluindo san\u00e7\u00f5es penais.<\/p>\n<h2>7 &#8211; Diversos<\/h2>\n<p>A FOXAIR reserva-se o direito de modificar unilateralmente os termos das presentes Condi\u00e7\u00f5es.<br \/>As novas cl\u00e1usulas reger\u00e3o todas as rela\u00e7\u00f5es futuras entre as partes e s\u00f3 a nova vers\u00e3o ser\u00e1 vinculativa entre elas.<br \/>As presentes condi\u00e7\u00f5es gerais s\u00e3o regidas pela lei francesa.<\/p>\n\t\t\t\t\t\t<\/div>\n\t\t\t\t<\/div>\n\t\t\t\t\t<\/div>\n\t\t<\/div>\n\t\t\t\t\t<\/div>\n\t\t<\/section>\n\t\t\t\t\t<\/div>\n\t\t<\/div>\n\t\t\t\t\t<\/div>\n\t\t<\/section>\n\t\t\t\t<\/div>\n\t\t","protected":false},"excerpt":{"rendered":"<p>Informa\u00e7\u00e3o jur\u00eddica As presentes Condi\u00e7\u00f5es Gerais t\u00eam por objetivo definir todas as condi\u00e7\u00f5es de acesso e utiliza\u00e7\u00e3o do S\u00edtio. O acesso&#8230;<\/p>\n","protected":false},"author":1,"featured_media":0,"parent":0,"menu_order":8,"comment_status":"closed","ping_status":"closed","template":"full-width.php","meta":{"footnotes":""},"yoast_head":"<!-- This site is optimized with the Yoast SEO plugin v23.0 - https:\/\/yoast.com\/wordpress\/plugins\/seo\/ -->\n<title>Informa\u00e7\u00e3o jur\u00eddica - Foxair<\/title>\n<meta name=\"robots\" content=\"index, follow, max-snippet:-1, max-image-preview:large, max-video-preview:-1\" \/>\n<link rel=\"canonical\" href=\"https:\/\/www.rafraichisseur-air.fr\/pt-pt\/informacao-juridica\/\" \/>\n<meta property=\"og:locale\" content=\"pt_PT\" \/>\n<meta property=\"og:type\" content=\"article\" \/>\n<meta property=\"og:title\" content=\"Informa\u00e7\u00e3o jur\u00eddica - Foxair\" \/>\n<meta property=\"og:description\" content=\"Informa\u00e7\u00e3o jur\u00eddica As presentes Condi\u00e7\u00f5es Gerais t\u00eam por objetivo definir todas as condi\u00e7\u00f5es de acesso e utiliza\u00e7\u00e3o do S\u00edtio. O acesso...\" \/>\n<meta property=\"og:url\" content=\"https:\/\/www.rafraichisseur-air.fr\/pt-pt\/informacao-juridica\/\" \/>\n<meta property=\"og:site_name\" content=\"Foxair\" \/>\n<meta property=\"article:publisher\" content=\"https:\/\/www.facebook.com\/foxair.france\" \/>\n<meta property=\"article:modified_time\" content=\"2024-07-08T14:38:40+00:00\" \/>\n<meta property=\"og:image\" content=\"https:\/\/www.rafraichisseur-air.fr\/wp-content\/uploads\/2015\/05\/logo-foxair.png\" \/>\n\t<meta property=\"og:image:width\" content=\"320\" \/>\n\t<meta property=\"og:image:height\" content=\"90\" \/>\n\t<meta property=\"og:image:type\" content=\"image\/png\" \/>\n<meta name=\"twitter:card\" content=\"summary_large_image\" \/>\n<meta name=\"twitter:label1\" content=\"Tempo estimado de leitura\" \/>\n\t<meta name=\"twitter:data1\" content=\"4 minutos\" \/>\n<script type=\"application\/ld+json\" class=\"yoast-schema-graph\">{\"@context\":\"https:\/\/schema.org\",\"@graph\":[{\"@type\":\"WebPage\",\"@id\":\"https:\/\/www.rafraichisseur-air.fr\/pt-pt\/informacao-juridica\/\",\"url\":\"https:\/\/www.rafraichisseur-air.fr\/pt-pt\/informacao-juridica\/\",\"name\":\"Informa\u00e7\u00e3o jur\u00eddica - Foxair\",\"isPartOf\":{\"@id\":\"https:\/\/www.rafraichisseur-air.fr\/pt-pt\/#website\"},\"datePublished\":\"2015-05-26T08:48:10+00:00\",\"dateModified\":\"2024-07-08T14:38:40+00:00\",\"inLanguage\":\"pt-PT\",\"potentialAction\":[{\"@type\":\"ReadAction\",\"target\":[\"https:\/\/www.rafraichisseur-air.fr\/pt-pt\/informacao-juridica\/\"]}]},{\"@type\":\"WebSite\",\"@id\":\"https:\/\/www.rafraichisseur-air.fr\/pt-pt\/#website\",\"url\":\"https:\/\/www.rafraichisseur-air.fr\/pt-pt\/\",\"name\":\"Foxair\",\"description\":\"Rafra\u00eechisseur d&#039;air par \u00e9vaporation\",\"potentialAction\":[{\"@type\":\"SearchAction\",\"target\":{\"@type\":\"EntryPoint\",\"urlTemplate\":\"https:\/\/www.rafraichisseur-air.fr\/pt-pt\/?s={search_term_string}\"},\"query-input\":\"required name=search_term_string\"}],\"inLanguage\":\"pt-PT\"}]}<\/script>\n<!-- \/ Yoast SEO plugin. -->","yoast_head_json":{"title":"Informa\u00e7\u00e3o jur\u00eddica - Foxair","robots":{"index":"index","follow":"follow","max-snippet":"max-snippet:-1","max-image-preview":"max-image-preview:large","max-video-preview":"max-video-preview:-1"},"canonical":"https:\/\/www.rafraichisseur-air.fr\/pt-pt\/informacao-juridica\/","og_locale":"pt_PT","og_type":"article","og_title":"Informa\u00e7\u00e3o jur\u00eddica - Foxair","og_description":"Informa\u00e7\u00e3o jur\u00eddica As presentes Condi\u00e7\u00f5es Gerais t\u00eam por objetivo definir todas as condi\u00e7\u00f5es de acesso e utiliza\u00e7\u00e3o do S\u00edtio. O acesso...","og_url":"https:\/\/www.rafraichisseur-air.fr\/pt-pt\/informacao-juridica\/","og_site_name":"Foxair","article_publisher":"https:\/\/www.facebook.com\/foxair.france","article_modified_time":"2024-07-08T14:38:40+00:00","og_image":[{"width":320,"height":90,"url":"https:\/\/www.rafraichisseur-air.fr\/wp-content\/uploads\/2015\/05\/logo-foxair.png","type":"image\/png"}],"twitter_card":"summary_large_image","twitter_misc":{"Tempo estimado de leitura":"4 minutos"},"schema":{"@context":"https:\/\/schema.org","@graph":[{"@type":"WebPage","@id":"https:\/\/www.rafraichisseur-air.fr\/pt-pt\/informacao-juridica\/","url":"https:\/\/www.rafraichisseur-air.fr\/pt-pt\/informacao-juridica\/","name":"Informa\u00e7\u00e3o jur\u00eddica - Foxair","isPartOf":{"@id":"https:\/\/www.rafraichisseur-air.fr\/pt-pt\/#website"},"datePublished":"2015-05-26T08:48:10+00:00","dateModified":"2024-07-08T14:38:40+00:00","inLanguage":"pt-PT","potentialAction":[{"@type":"ReadAction","target":["https:\/\/www.rafraichisseur-air.fr\/pt-pt\/informacao-juridica\/"]}]},{"@type":"WebSite","@id":"https:\/\/www.rafraichisseur-air.fr\/pt-pt\/#website","url":"https:\/\/www.rafraichisseur-air.fr\/pt-pt\/","name":"Foxair","description":"Rafra\u00eechisseur d&#039;air par \u00e9vaporation","potentialAction":[{"@type":"SearchAction","target":{"@type":"EntryPoint","urlTemplate":"https:\/\/www.rafraichisseur-air.fr\/pt-pt\/?s={search_term_string}"},"query-input":"required name=search_term_string"}],"inLanguage":"pt-PT"}]}},"_links":{"self":[{"href":"https:\/\/www.rafraichisseur-air.fr\/pt-pt\/wp-json\/wp\/v2\/pages\/33327"}],"collection":[{"href":"https:\/\/www.rafraichisseur-air.fr\/pt-pt\/wp-json\/wp\/v2\/pages"}],"about":[{"href":"https:\/\/www.rafraichisseur-air.fr\/pt-pt\/wp-json\/wp\/v2\/types\/page"}],"author":[{"embeddable":true,"href":"https:\/\/www.rafraichisseur-air.fr\/pt-pt\/wp-json\/wp\/v2\/users\/1"}],"replies":[{"embeddable":true,"href":"https:\/\/www.rafraichisseur-air.fr\/pt-pt\/wp-json\/wp\/v2\/comments?post=33327"}],"version-history":[{"count":0,"href":"https:\/\/www.rafraichisseur-air.fr\/pt-pt\/wp-json\/wp\/v2\/pages\/33327\/revisions"}],"wp:attachment":[{"href":"https:\/\/www.rafraichisseur-air.fr\/pt-pt\/wp-json\/wp\/v2\/media?parent=33327"}],"curies":[{"name":"wp","href":"https:\/\/api.w.org\/{rel}","templated":true}]}}