{"id":31958,"date":"2020-04-27T09:34:18","date_gmt":"2020-04-27T08:34:18","guid":{"rendered":"https:\/\/www.rafraichisseur-air.fr\/politica-de-privacidad\/"},"modified":"2024-07-08T17:02:28","modified_gmt":"2024-07-08T16:02:28","slug":"politica-de-privacidad","status":"publish","type":"page","link":"https:\/\/www.rafraichisseur-air.fr\/es\/politica-de-privacidad\/","title":{"rendered":"Pol\u00edtica de privacidad"},"content":{"rendered":"\t\t<div data-elementor-type=\"wp-page\" data-elementor-id=\"31958\" class=\"elementor elementor-31958 elementor-13325\">\n\t\t\t\t\t\t<section class=\"elementor-section elementor-top-section elementor-element elementor-element-201be8ce elementor-section-full_width elementor-section-height-default elementor-section-height-default parallax_section_no qodef_elementor_container_no\" data-id=\"201be8ce\" data-element_type=\"section\" data-settings=\"{&quot;background_background&quot;:&quot;classic&quot;,&quot;shape_divider_bottom&quot;:&quot;opacity-tilt&quot;}\">\n\t\t\t\t\t\t\t<div class=\"elementor-background-overlay\"><\/div>\n\t\t\t\t\t\t<div class=\"elementor-shape elementor-shape-bottom\" data-negative=\"false\">\n\t\t\t<svg xmlns=\"http:\/\/www.w3.org\/2000\/svg\" viewBox=\"0 0 2600 131.1\" preserveAspectRatio=\"none\">\n\t<path class=\"elementor-shape-fill\" d=\"M0 0L2600 0 2600 69.1 0 0z\"\/>\n\t<path class=\"elementor-shape-fill\" style=\"opacity:0.5\" d=\"M0 0L2600 0 2600 69.1 0 69.1z\"\/>\n\t<path class=\"elementor-shape-fill\" style=\"opacity:0.25\" d=\"M2600 0L0 0 0 130.1 2600 69.1z\"\/>\n<\/svg>\t\t<\/div>\n\t\t\t\t\t<div class=\"elementor-container elementor-column-gap-default\">\n\t\t\t\t\t<div class=\"elementor-column elementor-col-100 elementor-top-column elementor-element elementor-element-48ad0ffc\" data-id=\"48ad0ffc\" data-element_type=\"column\">\n\t\t\t<div class=\"elementor-widget-wrap elementor-element-populated\">\n\t\t\t\t\t\t<section class=\"elementor-section elementor-inner-section elementor-element elementor-element-151c9dae qodef_elementor_container_inner elementor-section-boxed elementor-section-height-default elementor-section-height-default parallax_section_no\" data-id=\"151c9dae\" data-element_type=\"section\">\n\t\t\t\t\t\t<div class=\"elementor-container elementor-column-gap-default\">\n\t\t\t\t\t<div class=\"elementor-column elementor-col-100 elementor-inner-column elementor-element elementor-element-29d79c74\" data-id=\"29d79c74\" data-element_type=\"column\">\n\t\t\t<div class=\"elementor-widget-wrap elementor-element-populated\">\n\t\t\t\t\t\t<div class=\"elementor-element elementor-element-4fe6fad4 elementor-invisible elementor-widget elementor-widget-heading\" data-id=\"4fe6fad4\" data-element_type=\"widget\" data-settings=\"{&quot;_animation&quot;:&quot;slideInLeft&quot;}\" data-widget_type=\"heading.default\">\n\t\t\t\t<div class=\"elementor-widget-container\">\n\t\t\t<h1 class=\"elementor-heading-title elementor-size-default\">Pol\u00edtica de privacidad<\/h1>\t\t<\/div>\n\t\t\t\t<\/div>\n\t\t\t\t<div class=\"elementor-element elementor-element-61026dc5 elementor-widget elementor-widget-spacer\" data-id=\"61026dc5\" data-element_type=\"widget\" data-widget_type=\"spacer.default\">\n\t\t\t\t<div class=\"elementor-widget-container\">\n\t\t\t\t\t<div class=\"elementor-spacer\">\n\t\t\t<div class=\"elementor-spacer-inner\"><\/div>\n\t\t<\/div>\n\t\t\t\t<\/div>\n\t\t\t\t<\/div>\n\t\t\t\t\t<\/div>\n\t\t<\/div>\n\t\t\t\t\t<\/div>\n\t\t<\/section>\n\t\t\t\t\t<\/div>\n\t\t<\/div>\n\t\t\t\t\t<\/div>\n\t\t<\/section>\n\t\t\t\t<section class=\"elementor-section elementor-top-section elementor-element elementor-element-1be1b975 elementor-section-full_width elementor-section-height-default elementor-section-height-default parallax_section_no qodef_elementor_container_no\" data-id=\"1be1b975\" data-element_type=\"section\" data-settings=\"{&quot;background_background&quot;:&quot;classic&quot;,&quot;shape_divider_top&quot;:&quot;tilt&quot;}\">\n\t\t\t\t\t<div class=\"elementor-shape elementor-shape-top\" data-negative=\"false\">\n\t\t\t<svg xmlns=\"http:\/\/www.w3.org\/2000\/svg\" viewBox=\"0 0 1000 100\" preserveAspectRatio=\"none\">\n\t<path class=\"elementor-shape-fill\" d=\"M0,6V0h1000v100L0,6z\"\/>\n<\/svg>\t\t<\/div>\n\t\t\t\t\t<div class=\"elementor-container elementor-column-gap-default\">\n\t\t\t\t\t<div class=\"elementor-column elementor-col-100 elementor-top-column elementor-element elementor-element-3ae435db\" data-id=\"3ae435db\" data-element_type=\"column\">\n\t\t\t<div class=\"elementor-widget-wrap elementor-element-populated\">\n\t\t\t\t\t\t<section class=\"elementor-section elementor-inner-section elementor-element elementor-element-1ec17c5d qodef_elementor_container_inner elementor-section-boxed elementor-section-height-default elementor-section-height-default parallax_section_no\" data-id=\"1ec17c5d\" data-element_type=\"section\">\n\t\t\t\t\t\t<div class=\"elementor-container elementor-column-gap-default\">\n\t\t\t\t\t<div class=\"elementor-column elementor-col-100 elementor-inner-column elementor-element elementor-element-14c3082e\" data-id=\"14c3082e\" data-element_type=\"column\" data-settings=\"{&quot;animation&quot;:&quot;none&quot;}\">\n\t\t\t<div class=\"elementor-widget-wrap elementor-element-populated\">\n\t\t\t\t\t\t<div class=\"elementor-element elementor-element-e6a7425 elementor-widget elementor-widget-text-editor\" data-id=\"e6a7425\" data-element_type=\"widget\" data-widget_type=\"text-editor.default\">\n\t\t\t\t<div class=\"elementor-widget-container\">\n\t\t\t\t\t\t\t<p>Al navegar por el Sitio y comunicarse con Foxair, el Usuario debe comunicar una cierta cantidad de datos personales, especialmente al rellenar el formulario de contacto de la p\u00e1gina <a href=\"https:\/\/www.rafraichisseur-air.fr\/es\/ponte-en-contacto-con\/\">Contacto<\/a>.<\/p>\n<p>En este contexto, Foxair garantiza que cumple con la legislaci\u00f3n relativa a la protecci\u00f3n de dichos datos personales, y en particular con el Reglamento General Europeo de Protecci\u00f3n de Datos n\u00ba 2016-679 de 16 de abril de 2016, conocido como el \u00abGDPR\u00bb, y la Ley de 6 de enero de 1978 relativa al tratamiento de datos, archivos y libertades, modificada, en particular, por la llamada Ley \u00abLIL3\u00bb n\u00ba 2018-493 de 20 de junio de 2018 y su decreto de aplicaci\u00f3n, as\u00ed como la orden de reescritura n\u00ba 2018-1225 de 12 de diciembre de 2018.<\/p>\n<p>A este respecto, se advierte a los Usuarios que :<\/p>\n<ul>\n<li>El responsable del tratamiento de los datos es: Foxair, registrada con el n\u00famero 450 697 834 &#8211; 2 rue Gabriel Bourdarias, 69200 V\u00e9nissieux &#8211; Tel. : +33 4 78 84 40 00<\/li>\n<\/ul>\n<ul>\n<li>La finalidad del tratamiento es :\n<ul>\n<li>Ponerse en contacto con el Usuario para responder a sus solicitudes.<\/li>\n<li>Ponerse en contacto con el Usuario con fines informativos o de marketing.<\/li>\n<\/ul>\n<\/li>\n<\/ul>\n<ul>\n<li>La base jur\u00eddica del tratamiento es :\n<ul>\n<li>Inter\u00e9s leg\u00edtimo, que se justifica por la necesidad de responder a las solicitudes del Usuario, tramitar sus solicitudes y con fines de difusi\u00f3n de informaci\u00f3n \u00fatil para el Usuario.<\/li>\n<li>El consentimiento del Usuario para fines comerciales o de marketing, especific\u00e1ndose que el Usuario tiene derecho a retirar su consentimiento en cualquier momento.<\/li>\n<\/ul>\n<\/li>\n<\/ul>\n<ul>\n<li>Los destinatarios de los datos son, dentro de los l\u00edmites de sus respectivas responsabilidades :\n<ul>\n<li>miembros del equipo de comunicaci\u00f3n,<\/li>\n<li>el equipo inform\u00e1tico,<\/li>\n<li>y el equipo de ventas de Foxair<\/li>\n<\/ul>\n<\/li>\n<\/ul>\n<ul>\n<li>Los datos se conservan durante el siguiente periodo:\n<ul>\n<li>durante 3 a\u00f1os desde nuestro \u00faltimo contacto contigo.<\/li>\n<\/ul>\n<\/li>\n<\/ul>\n<ul>\n<li>Se informa a los usuarios de que tienen derecho a acceder, rectificar, suprimir y oponerse a sus datos personales, derecho a limitar el tratamiento, derecho a la portabilidad de los datos y derecho a no ser objeto de una decisi\u00f3n individual automatizada (incluida la elaboraci\u00f3n de perfiles). Para ejercer este derecho, s\u00f3lo tienes que escribir o enviar un correo electr\u00f3nico a los datos de contacto indicados anteriormente.<\/li>\n<\/ul>\n<ul>\n<li>De conformidad con el art\u00edculo L.223-1 del C\u00f3digo de Consumo franc\u00e9s, independientemente de la relaci\u00f3n entre el usuario y Foxair y con car\u00e1cter general, Foxair tambi\u00e9n tiene derecho a inscribirse gratuitamente en una lista de personas que se oponen a la prospecci\u00f3n telef\u00f3nica si no desean ser objeto de prospecci\u00f3n telef\u00f3nica.<\/li>\n<\/ul>\n<ul>\n<li>En caso de litigio relativo al tratamiento de los datos personales del Usuario, \u00e9ste podr\u00e1 presentar una reclamaci\u00f3n ante la autoridad de control, en este caso la CNIL<a href=\"https:\/\/www.cnil.fr\">(https:\/\/www.cnil.fr)<\/a>.<\/li>\n<\/ul>\n<ul>\n<li>Los datos se almacenar\u00e1n y procesar\u00e1n dentro de la Uni\u00f3n Europea.<\/li>\n<\/ul>\n\t\t\t\t\t\t<\/div>\n\t\t\t\t<\/div>\n\t\t\t\t\t<\/div>\n\t\t<\/div>\n\t\t\t\t\t<\/div>\n\t\t<\/section>\n\t\t\t\t\t<\/div>\n\t\t<\/div>\n\t\t\t\t\t<\/div>\n\t\t<\/section>\n\t\t\t\t<\/div>\n\t\t","protected":false},"excerpt":{"rendered":"<p>Pol\u00edtica de privacidad Al navegar por el Sitio y comunicarse con Foxair, el Usuario debe comunicar una cierta cantidad de datos&#8230;<\/p>\n","protected":false},"author":1,"featured_media":0,"parent":0,"menu_order":8,"comment_status":"closed","ping_status":"closed","template":"full-width.php","meta":{"footnotes":""},"yoast_head":"<!-- This site is optimized with the Yoast SEO plugin v23.0 - https:\/\/yoast.com\/wordpress\/plugins\/seo\/ -->\n<title>Pol\u00edtica de privacidad - Foxair<\/title>\n<meta name=\"robots\" content=\"index, follow, max-snippet:-1, max-image-preview:large, max-video-preview:-1\" \/>\n<link rel=\"canonical\" href=\"https:\/\/www.rafraichisseur-air.fr\/es\/politica-de-privacidad\/\" \/>\n<meta property=\"og:locale\" content=\"es_ES\" \/>\n<meta property=\"og:type\" content=\"article\" \/>\n<meta property=\"og:title\" content=\"Pol\u00edtica de privacidad - Foxair\" \/>\n<meta property=\"og:description\" content=\"Pol\u00edtica de privacidad Al navegar por el Sitio y comunicarse con Foxair, el Usuario debe comunicar una cierta cantidad de datos...\" \/>\n<meta property=\"og:url\" content=\"https:\/\/www.rafraichisseur-air.fr\/es\/politica-de-privacidad\/\" \/>\n<meta property=\"og:site_name\" content=\"Foxair\" \/>\n<meta property=\"article:publisher\" content=\"https:\/\/www.facebook.com\/foxair.france\" \/>\n<meta property=\"article:modified_time\" content=\"2024-07-08T16:02:28+00:00\" \/>\n<meta property=\"og:image\" content=\"https:\/\/www.rafraichisseur-air.fr\/wp-content\/uploads\/2015\/05\/logo-foxair.png\" \/>\n\t<meta property=\"og:image:width\" content=\"320\" \/>\n\t<meta property=\"og:image:height\" content=\"90\" \/>\n\t<meta property=\"og:image:type\" content=\"image\/png\" \/>\n<meta name=\"twitter:card\" content=\"summary_large_image\" \/>\n<meta name=\"twitter:label1\" content=\"Tiempo de lectura\" \/>\n\t<meta name=\"twitter:data1\" content=\"2 minutos\" \/>\n<script type=\"application\/ld+json\" class=\"yoast-schema-graph\">{\"@context\":\"https:\/\/schema.org\",\"@graph\":[{\"@type\":\"WebPage\",\"@id\":\"https:\/\/www.rafraichisseur-air.fr\/es\/politica-de-privacidad\/\",\"url\":\"https:\/\/www.rafraichisseur-air.fr\/es\/politica-de-privacidad\/\",\"name\":\"Pol\u00edtica de privacidad - Foxair\",\"isPartOf\":{\"@id\":\"https:\/\/www.rafraichisseur-air.fr\/es\/#website\"},\"datePublished\":\"2020-04-27T08:34:18+00:00\",\"dateModified\":\"2024-07-08T16:02:28+00:00\",\"inLanguage\":\"es\",\"potentialAction\":[{\"@type\":\"ReadAction\",\"target\":[\"https:\/\/www.rafraichisseur-air.fr\/es\/politica-de-privacidad\/\"]}]},{\"@type\":\"WebSite\",\"@id\":\"https:\/\/www.rafraichisseur-air.fr\/es\/#website\",\"url\":\"https:\/\/www.rafraichisseur-air.fr\/es\/\",\"name\":\"Foxair\",\"description\":\"Rafra\u00eechisseur d&#039;air par \u00e9vaporation\",\"potentialAction\":[{\"@type\":\"SearchAction\",\"target\":{\"@type\":\"EntryPoint\",\"urlTemplate\":\"https:\/\/www.rafraichisseur-air.fr\/es\/?s={search_term_string}\"},\"query-input\":\"required name=search_term_string\"}],\"inLanguage\":\"es\"}]}<\/script>\n<!-- \/ Yoast SEO plugin. -->","yoast_head_json":{"title":"Pol\u00edtica de privacidad - Foxair","robots":{"index":"index","follow":"follow","max-snippet":"max-snippet:-1","max-image-preview":"max-image-preview:large","max-video-preview":"max-video-preview:-1"},"canonical":"https:\/\/www.rafraichisseur-air.fr\/es\/politica-de-privacidad\/","og_locale":"es_ES","og_type":"article","og_title":"Pol\u00edtica de privacidad - Foxair","og_description":"Pol\u00edtica de privacidad Al navegar por el Sitio y comunicarse con Foxair, el Usuario debe comunicar una cierta cantidad de datos...","og_url":"https:\/\/www.rafraichisseur-air.fr\/es\/politica-de-privacidad\/","og_site_name":"Foxair","article_publisher":"https:\/\/www.facebook.com\/foxair.france","article_modified_time":"2024-07-08T16:02:28+00:00","og_image":[{"width":320,"height":90,"url":"https:\/\/www.rafraichisseur-air.fr\/wp-content\/uploads\/2015\/05\/logo-foxair.png","type":"image\/png"}],"twitter_card":"summary_large_image","twitter_misc":{"Tiempo de lectura":"2 minutos"},"schema":{"@context":"https:\/\/schema.org","@graph":[{"@type":"WebPage","@id":"https:\/\/www.rafraichisseur-air.fr\/es\/politica-de-privacidad\/","url":"https:\/\/www.rafraichisseur-air.fr\/es\/politica-de-privacidad\/","name":"Pol\u00edtica de privacidad - Foxair","isPartOf":{"@id":"https:\/\/www.rafraichisseur-air.fr\/es\/#website"},"datePublished":"2020-04-27T08:34:18+00:00","dateModified":"2024-07-08T16:02:28+00:00","inLanguage":"es","potentialAction":[{"@type":"ReadAction","target":["https:\/\/www.rafraichisseur-air.fr\/es\/politica-de-privacidad\/"]}]},{"@type":"WebSite","@id":"https:\/\/www.rafraichisseur-air.fr\/es\/#website","url":"https:\/\/www.rafraichisseur-air.fr\/es\/","name":"Foxair","description":"Rafra\u00eechisseur d&#039;air par \u00e9vaporation","potentialAction":[{"@type":"SearchAction","target":{"@type":"EntryPoint","urlTemplate":"https:\/\/www.rafraichisseur-air.fr\/es\/?s={search_term_string}"},"query-input":"required name=search_term_string"}],"inLanguage":"es"}]}},"_links":{"self":[{"href":"https:\/\/www.rafraichisseur-air.fr\/es\/wp-json\/wp\/v2\/pages\/31958"}],"collection":[{"href":"https:\/\/www.rafraichisseur-air.fr\/es\/wp-json\/wp\/v2\/pages"}],"about":[{"href":"https:\/\/www.rafraichisseur-air.fr\/es\/wp-json\/wp\/v2\/types\/page"}],"author":[{"embeddable":true,"href":"https:\/\/www.rafraichisseur-air.fr\/es\/wp-json\/wp\/v2\/users\/1"}],"replies":[{"embeddable":true,"href":"https:\/\/www.rafraichisseur-air.fr\/es\/wp-json\/wp\/v2\/comments?post=31958"}],"version-history":[{"count":0,"href":"https:\/\/www.rafraichisseur-air.fr\/es\/wp-json\/wp\/v2\/pages\/31958\/revisions"}],"wp:attachment":[{"href":"https:\/\/www.rafraichisseur-air.fr\/es\/wp-json\/wp\/v2\/media?parent=31958"}],"curies":[{"name":"wp","href":"https:\/\/api.w.org\/{rel}","templated":true}]}}