{"id":31539,"date":"2015-05-26T09:47:29","date_gmt":"2015-05-26T08:47:29","guid":{"rendered":"https:\/\/www.rafraichisseur-air.fr\/aplicaciones\/"},"modified":"2024-07-08T13:33:10","modified_gmt":"2024-07-08T12:33:10","slug":"aplicaciones","status":"publish","type":"page","link":"https:\/\/www.rafraichisseur-air.fr\/es\/aplicaciones\/","title":{"rendered":"Aplicaciones"},"content":{"rendered":"\t\t<div data-elementor-type=\"wp-page\" data-elementor-id=\"31539\" class=\"elementor elementor-31539 elementor-11533\">\n\t\t\t\t\t\t<section class=\"elementor-section elementor-top-section elementor-element elementor-element-430a60f0 elementor-section-full_width elementor-section-height-default elementor-section-height-default parallax_section_no qodef_elementor_container_no\" data-id=\"430a60f0\" data-element_type=\"section\" data-settings=\"{&quot;background_background&quot;:&quot;classic&quot;,&quot;shape_divider_bottom&quot;:&quot;opacity-tilt&quot;}\">\n\t\t\t\t\t\t\t<div class=\"elementor-background-overlay\"><\/div>\n\t\t\t\t\t\t<div class=\"elementor-shape elementor-shape-bottom\" data-negative=\"false\">\n\t\t\t<svg xmlns=\"http:\/\/www.w3.org\/2000\/svg\" viewBox=\"0 0 2600 131.1\" preserveAspectRatio=\"none\">\n\t<path class=\"elementor-shape-fill\" d=\"M0 0L2600 0 2600 69.1 0 0z\"\/>\n\t<path class=\"elementor-shape-fill\" style=\"opacity:0.5\" d=\"M0 0L2600 0 2600 69.1 0 69.1z\"\/>\n\t<path class=\"elementor-shape-fill\" style=\"opacity:0.25\" d=\"M2600 0L0 0 0 130.1 2600 69.1z\"\/>\n<\/svg>\t\t<\/div>\n\t\t\t\t\t<div class=\"elementor-container elementor-column-gap-default\">\n\t\t\t\t\t<div class=\"elementor-column elementor-col-100 elementor-top-column elementor-element elementor-element-4df12db2\" data-id=\"4df12db2\" data-element_type=\"column\">\n\t\t\t<div class=\"elementor-widget-wrap elementor-element-populated\">\n\t\t\t\t\t\t<section class=\"elementor-section elementor-inner-section elementor-element elementor-element-31ee3c59 qodef_elementor_container_inner elementor-section-boxed elementor-section-height-default elementor-section-height-default parallax_section_no\" data-id=\"31ee3c59\" data-element_type=\"section\">\n\t\t\t\t\t\t<div class=\"elementor-container elementor-column-gap-default\">\n\t\t\t\t\t<div class=\"elementor-column elementor-col-100 elementor-inner-column elementor-element elementor-element-21a63b91\" data-id=\"21a63b91\" data-element_type=\"column\">\n\t\t\t<div class=\"elementor-widget-wrap elementor-element-populated\">\n\t\t\t\t\t\t<div class=\"elementor-element elementor-element-27c4c062 elementor-invisible elementor-widget elementor-widget-heading\" data-id=\"27c4c062\" data-element_type=\"widget\" data-settings=\"{&quot;_animation&quot;:&quot;slideInLeft&quot;}\" data-widget_type=\"heading.default\">\n\t\t\t\t<div class=\"elementor-widget-container\">\n\t\t\t<h1 class=\"elementor-heading-title elementor-size-default\">Aplicaciones del refrigerador de aire m\u00f3vil FoxAir\n<\/h1>\t\t<\/div>\n\t\t\t\t<\/div>\n\t\t\t\t<div class=\"elementor-element elementor-element-663338ea elementor-widget elementor-widget-spacer\" data-id=\"663338ea\" data-element_type=\"widget\" data-widget_type=\"spacer.default\">\n\t\t\t\t<div class=\"elementor-widget-container\">\n\t\t\t\t\t<div class=\"elementor-spacer\">\n\t\t\t<div class=\"elementor-spacer-inner\"><\/div>\n\t\t<\/div>\n\t\t\t\t<\/div>\n\t\t\t\t<\/div>\n\t\t\t\t\t<\/div>\n\t\t<\/div>\n\t\t\t\t\t<\/div>\n\t\t<\/section>\n\t\t\t\t\t<\/div>\n\t\t<\/div>\n\t\t\t\t\t<\/div>\n\t\t<\/section>\n\t\t\t\t<section class=\"elementor-section elementor-top-section elementor-element elementor-element-73d9bbbe elementor-section-boxed elementor-section-height-default elementor-section-height-default parallax_section_no qodef_elementor_container_no\" data-id=\"73d9bbbe\" data-element_type=\"section\" data-settings=\"{&quot;background_background&quot;:&quot;classic&quot;,&quot;shape_divider_top&quot;:&quot;tilt&quot;}\">\n\t\t\t\t\t<div class=\"elementor-shape elementor-shape-top\" data-negative=\"false\">\n\t\t\t<svg xmlns=\"http:\/\/www.w3.org\/2000\/svg\" viewBox=\"0 0 1000 100\" preserveAspectRatio=\"none\">\n\t<path class=\"elementor-shape-fill\" d=\"M0,6V0h1000v100L0,6z\"\/>\n<\/svg>\t\t<\/div>\n\t\t\t\t\t<div class=\"elementor-container elementor-column-gap-default\">\n\t\t\t\t\t<div class=\"elementor-column elementor-col-100 elementor-top-column elementor-element elementor-element-30756e4\" data-id=\"30756e4\" data-element_type=\"column\">\n\t\t\t<div class=\"elementor-widget-wrap elementor-element-populated\">\n\t\t\t\t\t\t<section class=\"elementor-section elementor-inner-section elementor-element elementor-element-9b9637c elementor-section-boxed elementor-section-height-default elementor-section-height-default parallax_section_no qodef_elementor_container_no\" data-id=\"9b9637c\" data-element_type=\"section\">\n\t\t\t\t\t\t<div class=\"elementor-container elementor-column-gap-default\">\n\t\t\t\t\t<div class=\"elementor-column elementor-col-100 elementor-inner-column elementor-element elementor-element-5431677\" data-id=\"5431677\" data-element_type=\"column\" data-settings=\"{&quot;background_background&quot;:&quot;classic&quot;}\">\n\t\t\t<div class=\"elementor-widget-wrap elementor-element-populated\">\n\t\t\t\t\t\t<div class=\"elementor-element elementor-element-53d7cee elementor-widget elementor-widget-text-editor\" data-id=\"53d7cee\" data-element_type=\"widget\" data-widget_type=\"text-editor.default\">\n\t\t\t\t<div class=\"elementor-widget-container\">\n\t\t\t\t\t\t\t<h2>El <a href=\"https:\/\/www.rafraichisseur-air.fr\/es\/\">refrigerador de aire<\/a> m\u00f3vil FOXAIR :  <br \/>enfriar grandes superficies en un abrir y cerrar de ojos<\/h2>\n\t\t\t\t\t\t<\/div>\n\t\t\t\t<\/div>\n\t\t\t\t<div class=\"elementor-element elementor-element-df03512 elementor-widget elementor-widget-text-editor\" data-id=\"df03512\" data-element_type=\"widget\" data-widget_type=\"text-editor.default\">\n\t\t\t\t<div class=\"elementor-widget-container\">\n\t\t\t\t\t\t\t<p>Hospitales, estructuras industriales, exteriores, ef\u00edmeras, edificios modulares, salas de exposiciones, almacenes, concesionarios, estructuras agr\u00edcolas, cobertizos, tiendas de animales, terrazas semicubiertas (playas, restaurantes, etc.), imprentas, locales t\u00e9cnicos, centros de jardiner\u00eda (invernaderos, etc.), etc.<\/p>\n<p>Para la comodidad de tus empleados, piensa en la soluci\u00f3n FOXAIR. Su <a href=\"https:\/\/www.rafraichisseur-air.fr\/climatiseur-mobile-industriel\/\"><br \/>\n  <strong>climatizadores m\u00f3viles industriales<\/strong><br \/>\n<\/a> enfr\u00edan el aire del interior de tu estructura. Pueden colocarse lo m\u00e1s cerca posible de la zona a enfriar. Dependiendo de su tama\u00f1o, FOXAIR te recomendar\u00e1 un aparato con m\u00e1s o menos potencia y autonom\u00eda. En muy poco tiempo, puedes conseguir un descenso significativo de la temperatura y enfriar <a title=\"M\u00e1s informaci\u00f3n sobre nuestros enfriadores de aire de gran volumen\" href=\"https:\/\/www.rafraichisseur-air.fr\/rafraichisseur-dair-grand-volume\/\">amplias zonas de<\/a> tus instalaciones.<\/p>\n\t\t\t\t\t\t<\/div>\n\t\t\t\t<\/div>\n\t\t\t\t\t<\/div>\n\t\t<\/div>\n\t\t\t\t\t<\/div>\n\t\t<\/section>\n\t\t\t\t<div class=\"elementor-element elementor-element-74df7f3 elementor-widget elementor-widget-qodef_portfolio_list\" data-id=\"74df7f3\" data-element_type=\"widget\" data-widget_type=\"qodef_portfolio_list.default\">\n\t\t\t\t<div class=\"elementor-widget-container\">\n\t\t\t<div class = \"qodef-portfolio-list-holder-outer qodef-ptf-standard qodef-ptf-three-columns\" data-next-page= 2 data-type= standard data-columns= three data-order-by= date data-order= DESC data-number= -1 data-filter= no data-title-tag= h5 data-max-num-pages = 0><div class = \"qodef-portfolio-list-holder clearfix\" >\n<article class=\"qodef-portfolio-item mix \">\n\t<div class = \"qodef-item-image-holder\">\t\n\t\t<a href=\"https:\/\/www.rafraichisseur-air.fr\/es\/portfolio-items\/casino-pharaon\/\">\n\t\t\t<span class=\"qodef-item-image\" style=\"background:url(https:\/\/www.rafraichisseur-air.fr\/wp-content\/uploads\/2019\/03\/foxair-facebook-casino-pharaon.jpg);\">\t\n\t\t\t<\/span>\n\t\t<\/a>\n\n\t<\/div>\n\t<div class=\"qodef-item-text-holder\">\n\t\t<span class=\"qodef-item-title\">\n\t\t\t<a href=\"https:\/\/www.rafraichisseur-air.fr\/es\/portfolio-items\/casino-pharaon\/\" target=\"_self\">\n\t\t\t\tCASINO PHARAON\t\t\t<\/a>\t\n\t\t<\/span>\t\n\t<\/div>\n<\/article>\n\n<article class=\"qodef-portfolio-item mix \">\n\t<div class = \"qodef-item-image-holder\">\t\n\t\t<a href=\"https:\/\/www.rafraichisseur-air.fr\/es\/portfolio-items\/ardagh\/\">\n\t\t\t<span class=\"qodef-item-image\" style=\"background:url(https:\/\/www.rafraichisseur-air.fr\/wp-content\/uploads\/2019\/01\/foxair-facebook-ardagh.jpg);\">\t\n\t\t\t<\/span>\n\t\t<\/a>\n\n\t<\/div>\n\t<div class=\"qodef-item-text-holder\">\n\t\t<span class=\"qodef-item-title\">\n\t\t\t<a href=\"https:\/\/www.rafraichisseur-air.fr\/es\/portfolio-items\/ardagh\/\" target=\"_self\">\n\t\t\t\tArdagh\t\t\t<\/a>\t\n\t\t<\/span>\t\n\t<\/div>\n<\/article>\n\n<article class=\"qodef-portfolio-item mix \">\n\t<div class = \"qodef-item-image-holder\">\t\n\t\t<a href=\"https:\/\/www.rafraichisseur-air.fr\/es\/portfolio-items\/fnac\/\">\n\t\t\t<span class=\"qodef-item-image\" style=\"background:url(https:\/\/www.rafraichisseur-air.fr\/wp-content\/uploads\/2018\/11\/fnac.png);\">\t\n\t\t\t<\/span>\n\t\t<\/a>\n\n\t<\/div>\n\t<div class=\"qodef-item-text-holder\">\n\t\t<span class=\"qodef-item-title\">\n\t\t\t<a href=\"https:\/\/www.rafraichisseur-air.fr\/es\/portfolio-items\/fnac\/\" target=\"_self\">\n\t\t\t\tFNAC\t\t\t<\/a>\t\n\t\t<\/span>\t\n\t<\/div>\n<\/article>\n\n<article class=\"qodef-portfolio-item mix \">\n\t<div class = \"qodef-item-image-holder\">\t\n\t\t<a href=\"https:\/\/www.rafraichisseur-air.fr\/es\/portfolio-items\/darty\/\">\n\t\t\t<span class=\"qodef-item-image\" style=\"background:url(https:\/\/www.rafraichisseur-air.fr\/wp-content\/uploads\/2018\/11\/darty.png);\">\t\n\t\t\t<\/span>\n\t\t<\/a>\n\n\t<\/div>\n\t<div class=\"qodef-item-text-holder\">\n\t\t<span class=\"qodef-item-title\">\n\t\t\t<a href=\"https:\/\/www.rafraichisseur-air.fr\/es\/portfolio-items\/darty\/\" target=\"_self\">\n\t\t\t\tDARTY\t\t\t<\/a>\t\n\t\t<\/span>\t\n\t<\/div>\n<\/article>\n\n<article class=\"qodef-portfolio-item mix \">\n\t<div class = \"qodef-item-image-holder\">\t\n\t\t<a href=\"https:\/\/www.rafraichisseur-air.fr\/es\/portfolio-items\/solvay\/\">\n\t\t\t<span class=\"qodef-item-image\" style=\"background:url(https:\/\/www.rafraichisseur-air.fr\/wp-content\/uploads\/2018\/11\/solvay.jpg);\">\t\n\t\t\t<\/span>\n\t\t<\/a>\n\n\t<\/div>\n\t<div class=\"qodef-item-text-holder\">\n\t\t<span class=\"qodef-item-title\">\n\t\t\t<a href=\"https:\/\/www.rafraichisseur-air.fr\/es\/portfolio-items\/solvay\/\" target=\"_self\">\n\t\t\t\tSOLVAY\t\t\t<\/a>\t\n\t\t<\/span>\t\n\t<\/div>\n<\/article>\n\n<article class=\"qodef-portfolio-item mix \">\n\t<div class = \"qodef-item-image-holder\">\t\n\t\t<a href=\"https:\/\/www.rafraichisseur-air.fr\/es\/portfolio-items\/hermes\/\">\n\t\t\t<span class=\"qodef-item-image\" style=\"background:url(https:\/\/www.rafraichisseur-air.fr\/wp-content\/uploads\/2018\/08\/hermes-1.png);\">\t\n\t\t\t<\/span>\n\t\t<\/a>\n\n\t<\/div>\n\t<div class=\"qodef-item-text-holder\">\n\t\t<span class=\"qodef-item-title\">\n\t\t\t<a href=\"https:\/\/www.rafraichisseur-air.fr\/es\/portfolio-items\/hermes\/\" target=\"_self\">\n\t\t\t\tHERM\u00c8S\t\t\t<\/a>\t\n\t\t<\/span>\t\n\t<\/div>\n<\/article>\n\n<article class=\"qodef-portfolio-item mix \">\n\t<div class = \"qodef-item-image-holder\">\t\n\t\t<a href=\"https:\/\/www.rafraichisseur-air.fr\/es\/portfolio-items\/bio-rad\/\">\n\t\t\t<span class=\"qodef-item-image\" style=\"background:url(https:\/\/www.rafraichisseur-air.fr\/wp-content\/uploads\/2018\/07\/bio-rad.jpg);\">\t\n\t\t\t<\/span>\n\t\t<\/a>\n\n\t<\/div>\n\t<div class=\"qodef-item-text-holder\">\n\t\t<span class=\"qodef-item-title\">\n\t\t\t<a href=\"https:\/\/www.rafraichisseur-air.fr\/es\/portfolio-items\/bio-rad\/\" target=\"_self\">\n\t\t\t\tBIO-RAD\t\t\t<\/a>\t\n\t\t<\/span>\t\n\t<\/div>\n<\/article>\n\n<article class=\"qodef-portfolio-item mix \">\n\t<div class = \"qodef-item-image-holder\">\t\n\t\t<a href=\"https:\/\/www.rafraichisseur-air.fr\/es\/portfolio-items\/bayard\/\">\n\t\t\t<span class=\"qodef-item-image\" style=\"background:url(https:\/\/www.rafraichisseur-air.fr\/wp-content\/uploads\/2018\/03\/bayard.jpg);\">\t\n\t\t\t<\/span>\n\t\t<\/a>\n\n\t<\/div>\n\t<div class=\"qodef-item-text-holder\">\n\t\t<span class=\"qodef-item-title\">\n\t\t\t<a href=\"https:\/\/www.rafraichisseur-air.fr\/es\/portfolio-items\/bayard\/\" target=\"_self\">\n\t\t\t\tBAYARD\t\t\t<\/a>\t\n\t\t<\/span>\t\n\t<\/div>\n<\/article>\n\n<article class=\"qodef-portfolio-item mix \">\n\t<div class = \"qodef-item-image-holder\">\t\n\t\t<a href=\"https:\/\/www.rafraichisseur-air.fr\/es\/portfolio-items\/lidl\/\">\n\t\t\t<span class=\"qodef-item-image\" style=\"background:url(https:\/\/www.rafraichisseur-air.fr\/wp-content\/uploads\/2018\/06\/Lidl.jpg);\">\t\n\t\t\t<\/span>\n\t\t<\/a>\n\n\t<\/div>\n\t<div class=\"qodef-item-text-holder\">\n\t\t<span class=\"qodef-item-title\">\n\t\t\t<a href=\"https:\/\/www.rafraichisseur-air.fr\/es\/portfolio-items\/lidl\/\" target=\"_self\">\n\t\t\t\tLIDL\t\t\t<\/a>\t\n\t\t<\/span>\t\n\t<\/div>\n<\/article>\n\n<article class=\"qodef-portfolio-item mix \">\n\t<div class = \"qodef-item-image-holder\">\t\n\t\t<a href=\"https:\/\/www.rafraichisseur-air.fr\/es\/portfolio-items\/leclerc\/\">\n\t\t\t<span class=\"qodef-item-image\" style=\"background:url(https:\/\/www.rafraichisseur-air.fr\/wp-content\/uploads\/2018\/05\/foxair-leclerc.jpg);\">\t\n\t\t\t<\/span>\n\t\t<\/a>\n\n\t<\/div>\n\t<div class=\"qodef-item-text-holder\">\n\t\t<span class=\"qodef-item-title\">\n\t\t\t<a href=\"https:\/\/www.rafraichisseur-air.fr\/es\/portfolio-items\/leclerc\/\" target=\"_self\">\n\t\t\t\tLECLERC\t\t\t<\/a>\t\n\t\t<\/span>\t\n\t<\/div>\n<\/article>\n\n<article class=\"qodef-portfolio-item mix \">\n\t<div class = \"qodef-item-image-holder\">\t\n\t\t<a href=\"https:\/\/www.rafraichisseur-air.fr\/es\/portfolio-items\/elis\/\">\n\t\t\t<span class=\"qodef-item-image\" style=\"background:url(https:\/\/www.rafraichisseur-air.fr\/wp-content\/uploads\/2018\/04\/foxair-elis-1.jpg);\">\t\n\t\t\t<\/span>\n\t\t<\/a>\n\n\t<\/div>\n\t<div class=\"qodef-item-text-holder\">\n\t\t<span class=\"qodef-item-title\">\n\t\t\t<a href=\"https:\/\/www.rafraichisseur-air.fr\/es\/portfolio-items\/elis\/\" target=\"_self\">\n\t\t\t\tELIS\t\t\t<\/a>\t\n\t\t<\/span>\t\n\t<\/div>\n<\/article>\n\n<article class=\"qodef-portfolio-item mix \">\n\t<div class = \"qodef-item-image-holder\">\t\n\t\t<a href=\"https:\/\/www.rafraichisseur-air.fr\/es\/portfolio-items\/gerflor\/\">\n\t\t\t<span class=\"qodef-item-image\" style=\"background:url(https:\/\/www.rafraichisseur-air.fr\/wp-content\/uploads\/2018\/03\/gerlfor.jpg);\">\t\n\t\t\t<\/span>\n\t\t<\/a>\n\n\t<\/div>\n\t<div class=\"qodef-item-text-holder\">\n\t\t<span class=\"qodef-item-title\">\n\t\t\t<a href=\"https:\/\/www.rafraichisseur-air.fr\/es\/portfolio-items\/gerflor\/\" target=\"_self\">\n\t\t\t\tGERFLOR\t\t\t<\/a>\t\n\t\t<\/span>\t\n\t<\/div>\n<\/article>\n\n<article class=\"qodef-portfolio-item mix \">\n\t<div class = \"qodef-item-image-holder\">\t\n\t\t<a href=\"https:\/\/www.rafraichisseur-air.fr\/es\/portfolio-items\/proform\/\">\n\t\t\t<span class=\"qodef-item-image\" style=\"background:url(https:\/\/www.rafraichisseur-air.fr\/wp-content\/uploads\/2015\/12\/proform.jpg);\">\t\n\t\t\t<\/span>\n\t\t<\/a>\n\n\t<\/div>\n\t<div class=\"qodef-item-text-holder\">\n\t\t<span class=\"qodef-item-title\">\n\t\t\t<a href=\"https:\/\/www.rafraichisseur-air.fr\/es\/portfolio-items\/proform\/\" target=\"_self\">\n\t\t\t\tPROFORM\t\t\t<\/a>\t\n\t\t<\/span>\t\n\t<\/div>\n<\/article>\n\n<article class=\"qodef-portfolio-item mix \">\n\t<div class = \"qodef-item-image-holder\">\t\n\t\t<a href=\"https:\/\/www.rafraichisseur-air.fr\/es\/portfolio-items\/ad-mayoris\/\">\n\t\t\t<span class=\"qodef-item-image\" style=\"background:url(https:\/\/www.rafraichisseur-air.fr\/wp-content\/uploads\/2015\/06\/admajoris-foxair2.jpg);\">\t\n\t\t\t<\/span>\n\t\t<\/a>\n\n\t<\/div>\n\t<div class=\"qodef-item-text-holder\">\n\t\t<span class=\"qodef-item-title\">\n\t\t\t<a href=\"https:\/\/www.rafraichisseur-air.fr\/es\/portfolio-items\/ad-mayoris\/\" target=\"_self\">\n\t\t\t\tAD MAYORIS\t\t\t<\/a>\t\n\t\t<\/span>\t\n\t<\/div>\n<\/article>\n\n<article class=\"qodef-portfolio-item mix \">\n\t<div class = \"qodef-item-image-holder\">\t\n\t\t<a href=\"https:\/\/www.rafraichisseur-air.fr\/es\/portfolio-items\/ndp-francia\/\">\n\t\t\t<span class=\"qodef-item-image\" style=\"background:url(https:\/\/www.rafraichisseur-air.fr\/wp-content\/uploads\/2012\/07\/foxair-pndfrance4.jpg);\">\t\n\t\t\t<\/span>\n\t\t<\/a>\n\n\t<\/div>\n\t<div class=\"qodef-item-text-holder\">\n\t\t<span class=\"qodef-item-title\">\n\t\t\t<a href=\"https:\/\/www.rafraichisseur-air.fr\/es\/portfolio-items\/ndp-francia\/\" target=\"_self\">\n\t\t\t\tNDP Francia\t\t\t<\/a>\t\n\t\t<\/span>\t\n\t<\/div>\n<\/article>\n<div class='qodef-filler'><\/div>\n<div class='qodef-filler'><\/div>\n<div class='qodef-filler'><\/div>\n<\/div><\/div>\t\t<\/div>\n\t\t\t\t<\/div>\n\t\t\t\t\t<\/div>\n\t\t<\/div>\n\t\t\t\t\t<\/div>\n\t\t<\/section>\n\t\t\t\t<\/div>\n\t\t","protected":false},"excerpt":{"rendered":"<p>Aplicaciones del refrigerador de aire m\u00f3vil FoxAir El refrigerador de aire m\u00f3vil FOXAIR : enfriar grandes superficies en un abrir y&#8230;<\/p>\n","protected":false},"author":1,"featured_media":0,"parent":0,"menu_order":5,"comment_status":"closed","ping_status":"closed","template":"elementor_header_footer","meta":{"footnotes":""},"yoast_head":"<!-- This site is optimized with the Yoast SEO plugin v23.0 - https:\/\/yoast.com\/wordpress\/plugins\/seo\/ -->\n<title>Aplicaciones de climatizadores evaporativos m\u00f3viles - FoxAir<\/title>\n<meta name=\"description\" content=\"El enfriador de aire m\u00f3vil FoxAir, para grandes vol\u00famenes y grandes superficies: talleres, hangares, almacenes, terrazas. \u00bfNecesitas aire? +33 4 78 84 40 00\" \/>\n<meta name=\"robots\" content=\"index, follow, max-snippet:-1, max-image-preview:large, max-video-preview:-1\" \/>\n<link rel=\"canonical\" href=\"https:\/\/www.rafraichisseur-air.fr\/es\/aplicaciones\/\" \/>\n<meta property=\"og:locale\" content=\"es_ES\" \/>\n<meta property=\"og:type\" content=\"article\" \/>\n<meta property=\"og:title\" content=\"Aplicaciones de climatizadores evaporativos m\u00f3viles - FoxAir\" \/>\n<meta property=\"og:description\" content=\"El enfriador de aire m\u00f3vil FoxAir, para grandes vol\u00famenes y grandes superficies: talleres, hangares, almacenes, terrazas. \u00bfNecesitas aire? +33 4 78 84 40 00\" \/>\n<meta property=\"og:url\" content=\"https:\/\/www.rafraichisseur-air.fr\/es\/aplicaciones\/\" \/>\n<meta property=\"og:site_name\" content=\"Foxair\" \/>\n<meta property=\"article:publisher\" content=\"https:\/\/www.facebook.com\/foxair.france\" \/>\n<meta property=\"article:modified_time\" content=\"2024-07-08T12:33:10+00:00\" \/>\n<meta property=\"og:image\" content=\"https:\/\/www.rafraichisseur-air.fr\/wp-content\/uploads\/2015\/05\/logo-foxair.png\" \/>\n\t<meta property=\"og:image:width\" content=\"320\" \/>\n\t<meta property=\"og:image:height\" content=\"90\" \/>\n\t<meta property=\"og:image:type\" content=\"image\/png\" \/>\n<meta name=\"twitter:card\" content=\"summary_large_image\" \/>\n<meta name=\"twitter:label1\" content=\"Tiempo de lectura\" \/>\n\t<meta name=\"twitter:data1\" content=\"1 minuto\" \/>\n<script type=\"application\/ld+json\" class=\"yoast-schema-graph\">{\"@context\":\"https:\/\/schema.org\",\"@graph\":[{\"@type\":\"WebPage\",\"@id\":\"https:\/\/www.rafraichisseur-air.fr\/es\/aplicaciones\/\",\"url\":\"https:\/\/www.rafraichisseur-air.fr\/es\/aplicaciones\/\",\"name\":\"Aplicaciones de climatizadores evaporativos m\u00f3viles - FoxAir\",\"isPartOf\":{\"@id\":\"https:\/\/www.rafraichisseur-air.fr\/es\/#website\"},\"datePublished\":\"2015-05-26T08:47:29+00:00\",\"dateModified\":\"2024-07-08T12:33:10+00:00\",\"description\":\"El enfriador de aire m\u00f3vil FoxAir, para grandes vol\u00famenes y grandes superficies: talleres, hangares, almacenes, terrazas. \u00bfNecesitas aire? +33 4 78 84 40 00\",\"inLanguage\":\"es\",\"potentialAction\":[{\"@type\":\"ReadAction\",\"target\":[\"https:\/\/www.rafraichisseur-air.fr\/es\/aplicaciones\/\"]}]},{\"@type\":\"WebSite\",\"@id\":\"https:\/\/www.rafraichisseur-air.fr\/es\/#website\",\"url\":\"https:\/\/www.rafraichisseur-air.fr\/es\/\",\"name\":\"Foxair\",\"description\":\"Rafra\u00eechisseur d&#039;air par \u00e9vaporation\",\"potentialAction\":[{\"@type\":\"SearchAction\",\"target\":{\"@type\":\"EntryPoint\",\"urlTemplate\":\"https:\/\/www.rafraichisseur-air.fr\/es\/?s={search_term_string}\"},\"query-input\":\"required name=search_term_string\"}],\"inLanguage\":\"es\"}]}<\/script>\n<!-- \/ Yoast SEO plugin. -->","yoast_head_json":{"title":"Aplicaciones de climatizadores evaporativos m\u00f3viles - FoxAir","description":"El enfriador de aire m\u00f3vil FoxAir, para grandes vol\u00famenes y grandes superficies: talleres, hangares, almacenes, terrazas. \u00bfNecesitas aire? +33 4 78 84 40 00","robots":{"index":"index","follow":"follow","max-snippet":"max-snippet:-1","max-image-preview":"max-image-preview:large","max-video-preview":"max-video-preview:-1"},"canonical":"https:\/\/www.rafraichisseur-air.fr\/es\/aplicaciones\/","og_locale":"es_ES","og_type":"article","og_title":"Aplicaciones de climatizadores evaporativos m\u00f3viles - FoxAir","og_description":"El enfriador de aire m\u00f3vil FoxAir, para grandes vol\u00famenes y grandes superficies: talleres, hangares, almacenes, terrazas. \u00bfNecesitas aire? +33 4 78 84 40 00","og_url":"https:\/\/www.rafraichisseur-air.fr\/es\/aplicaciones\/","og_site_name":"Foxair","article_publisher":"https:\/\/www.facebook.com\/foxair.france","article_modified_time":"2024-07-08T12:33:10+00:00","og_image":[{"width":320,"height":90,"url":"https:\/\/www.rafraichisseur-air.fr\/wp-content\/uploads\/2015\/05\/logo-foxair.png","type":"image\/png"}],"twitter_card":"summary_large_image","twitter_misc":{"Tiempo de lectura":"1 minuto"},"schema":{"@context":"https:\/\/schema.org","@graph":[{"@type":"WebPage","@id":"https:\/\/www.rafraichisseur-air.fr\/es\/aplicaciones\/","url":"https:\/\/www.rafraichisseur-air.fr\/es\/aplicaciones\/","name":"Aplicaciones de climatizadores evaporativos m\u00f3viles - FoxAir","isPartOf":{"@id":"https:\/\/www.rafraichisseur-air.fr\/es\/#website"},"datePublished":"2015-05-26T08:47:29+00:00","dateModified":"2024-07-08T12:33:10+00:00","description":"El enfriador de aire m\u00f3vil FoxAir, para grandes vol\u00famenes y grandes superficies: talleres, hangares, almacenes, terrazas. \u00bfNecesitas aire? +33 4 78 84 40 00","inLanguage":"es","potentialAction":[{"@type":"ReadAction","target":["https:\/\/www.rafraichisseur-air.fr\/es\/aplicaciones\/"]}]},{"@type":"WebSite","@id":"https:\/\/www.rafraichisseur-air.fr\/es\/#website","url":"https:\/\/www.rafraichisseur-air.fr\/es\/","name":"Foxair","description":"Rafra\u00eechisseur d&#039;air par \u00e9vaporation","potentialAction":[{"@type":"SearchAction","target":{"@type":"EntryPoint","urlTemplate":"https:\/\/www.rafraichisseur-air.fr\/es\/?s={search_term_string}"},"query-input":"required name=search_term_string"}],"inLanguage":"es"}]}},"_links":{"self":[{"href":"https:\/\/www.rafraichisseur-air.fr\/es\/wp-json\/wp\/v2\/pages\/31539"}],"collection":[{"href":"https:\/\/www.rafraichisseur-air.fr\/es\/wp-json\/wp\/v2\/pages"}],"about":[{"href":"https:\/\/www.rafraichisseur-air.fr\/es\/wp-json\/wp\/v2\/types\/page"}],"author":[{"embeddable":true,"href":"https:\/\/www.rafraichisseur-air.fr\/es\/wp-json\/wp\/v2\/users\/1"}],"replies":[{"embeddable":true,"href":"https:\/\/www.rafraichisseur-air.fr\/es\/wp-json\/wp\/v2\/comments?post=31539"}],"version-history":[{"count":0,"href":"https:\/\/www.rafraichisseur-air.fr\/es\/wp-json\/wp\/v2\/pages\/31539\/revisions"}],"wp:attachment":[{"href":"https:\/\/www.rafraichisseur-air.fr\/es\/wp-json\/wp\/v2\/media?parent=31539"}],"curies":[{"name":"wp","href":"https:\/\/api.w.org\/{rel}","templated":true}]}}