{"id":36041,"date":"2020-04-27T09:34:18","date_gmt":"2020-04-27T08:34:18","guid":{"rendered":"https:\/\/www.rafraichisseur-air.fr\/datenschutzrichtlinie\/"},"modified":"2024-07-08T17:02:54","modified_gmt":"2024-07-08T16:02:54","slug":"datenschutzrichtlinie","status":"publish","type":"page","link":"https:\/\/www.rafraichisseur-air.fr\/de\/datenschutzrichtlinie\/","title":{"rendered":"Datenschutzrichtlinie"},"content":{"rendered":"\t\t<div data-elementor-type=\"wp-page\" data-elementor-id=\"36041\" class=\"elementor elementor-36041 elementor-13325\">\n\t\t\t\t\t\t<section class=\"elementor-section elementor-top-section elementor-element elementor-element-201be8ce elementor-section-full_width elementor-section-height-default elementor-section-height-default parallax_section_no qodef_elementor_container_no\" data-id=\"201be8ce\" data-element_type=\"section\" data-settings=\"{&quot;background_background&quot;:&quot;classic&quot;,&quot;shape_divider_bottom&quot;:&quot;opacity-tilt&quot;}\">\n\t\t\t\t\t\t\t<div class=\"elementor-background-overlay\"><\/div>\n\t\t\t\t\t\t<div class=\"elementor-shape elementor-shape-bottom\" data-negative=\"false\">\n\t\t\t<svg xmlns=\"http:\/\/www.w3.org\/2000\/svg\" viewBox=\"0 0 2600 131.1\" preserveAspectRatio=\"none\">\n\t<path class=\"elementor-shape-fill\" d=\"M0 0L2600 0 2600 69.1 0 0z\"\/>\n\t<path class=\"elementor-shape-fill\" style=\"opacity:0.5\" d=\"M0 0L2600 0 2600 69.1 0 69.1z\"\/>\n\t<path class=\"elementor-shape-fill\" style=\"opacity:0.25\" d=\"M2600 0L0 0 0 130.1 2600 69.1z\"\/>\n<\/svg>\t\t<\/div>\n\t\t\t\t\t<div class=\"elementor-container elementor-column-gap-default\">\n\t\t\t\t\t<div class=\"elementor-column elementor-col-100 elementor-top-column elementor-element elementor-element-48ad0ffc\" data-id=\"48ad0ffc\" data-element_type=\"column\">\n\t\t\t<div class=\"elementor-widget-wrap elementor-element-populated\">\n\t\t\t\t\t\t<section class=\"elementor-section elementor-inner-section elementor-element elementor-element-151c9dae qodef_elementor_container_inner elementor-section-boxed elementor-section-height-default elementor-section-height-default parallax_section_no\" data-id=\"151c9dae\" data-element_type=\"section\">\n\t\t\t\t\t\t<div class=\"elementor-container elementor-column-gap-default\">\n\t\t\t\t\t<div class=\"elementor-column elementor-col-100 elementor-inner-column elementor-element elementor-element-29d79c74\" data-id=\"29d79c74\" data-element_type=\"column\">\n\t\t\t<div class=\"elementor-widget-wrap elementor-element-populated\">\n\t\t\t\t\t\t<div class=\"elementor-element elementor-element-4fe6fad4 elementor-invisible elementor-widget elementor-widget-heading\" data-id=\"4fe6fad4\" data-element_type=\"widget\" data-settings=\"{&quot;_animation&quot;:&quot;slideInLeft&quot;}\" data-widget_type=\"heading.default\">\n\t\t\t\t<div class=\"elementor-widget-container\">\n\t\t\t<h1 class=\"elementor-heading-title elementor-size-default\">Datenschutzrichtlinie<\/h1>\t\t<\/div>\n\t\t\t\t<\/div>\n\t\t\t\t<div class=\"elementor-element elementor-element-61026dc5 elementor-widget elementor-widget-spacer\" data-id=\"61026dc5\" data-element_type=\"widget\" data-widget_type=\"spacer.default\">\n\t\t\t\t<div class=\"elementor-widget-container\">\n\t\t\t\t\t<div class=\"elementor-spacer\">\n\t\t\t<div class=\"elementor-spacer-inner\"><\/div>\n\t\t<\/div>\n\t\t\t\t<\/div>\n\t\t\t\t<\/div>\n\t\t\t\t\t<\/div>\n\t\t<\/div>\n\t\t\t\t\t<\/div>\n\t\t<\/section>\n\t\t\t\t\t<\/div>\n\t\t<\/div>\n\t\t\t\t\t<\/div>\n\t\t<\/section>\n\t\t\t\t<section class=\"elementor-section elementor-top-section elementor-element elementor-element-1be1b975 elementor-section-full_width elementor-section-height-default elementor-section-height-default parallax_section_no qodef_elementor_container_no\" data-id=\"1be1b975\" data-element_type=\"section\" data-settings=\"{&quot;background_background&quot;:&quot;classic&quot;,&quot;shape_divider_top&quot;:&quot;tilt&quot;}\">\n\t\t\t\t\t<div class=\"elementor-shape elementor-shape-top\" data-negative=\"false\">\n\t\t\t<svg xmlns=\"http:\/\/www.w3.org\/2000\/svg\" viewBox=\"0 0 1000 100\" preserveAspectRatio=\"none\">\n\t<path class=\"elementor-shape-fill\" d=\"M0,6V0h1000v100L0,6z\"\/>\n<\/svg>\t\t<\/div>\n\t\t\t\t\t<div class=\"elementor-container elementor-column-gap-default\">\n\t\t\t\t\t<div class=\"elementor-column elementor-col-100 elementor-top-column elementor-element elementor-element-3ae435db\" data-id=\"3ae435db\" data-element_type=\"column\">\n\t\t\t<div class=\"elementor-widget-wrap elementor-element-populated\">\n\t\t\t\t\t\t<section class=\"elementor-section elementor-inner-section elementor-element elementor-element-1ec17c5d qodef_elementor_container_inner elementor-section-boxed elementor-section-height-default elementor-section-height-default parallax_section_no\" data-id=\"1ec17c5d\" data-element_type=\"section\">\n\t\t\t\t\t\t<div class=\"elementor-container elementor-column-gap-default\">\n\t\t\t\t\t<div class=\"elementor-column elementor-col-100 elementor-inner-column elementor-element elementor-element-14c3082e\" data-id=\"14c3082e\" data-element_type=\"column\" data-settings=\"{&quot;animation&quot;:&quot;none&quot;}\">\n\t\t\t<div class=\"elementor-widget-wrap elementor-element-populated\">\n\t\t\t\t\t\t<div class=\"elementor-element elementor-element-e6a7425 elementor-widget elementor-widget-text-editor\" data-id=\"e6a7425\" data-element_type=\"widget\" data-widget_type=\"text-editor.default\">\n\t\t\t\t<div class=\"elementor-widget-container\">\n\t\t\t\t\t\t\t<p>W\u00e4hrend der Navigation auf der Webseite und der Kommunikation mit Foxair wird der Nutzer aufgefordert, eine Reihe von pers\u00f6nlichen Daten \u00fcber sich selbst anzugeben, insbesondere wenn er das Kontaktformular auf der Seite <a href=\"https:\/\/www.rafraichisseur-air.fr\/de\/kontakt\/\">Kontakt<\/a> ausf\u00fcllt.<\/p>\n<p>In diesem Zusammenhang stellt Foxair sicher, dass die Gesetze zum Schutz dieser personenbezogenen Daten eingehalten werden, insbesondere die Europ\u00e4ische Datenschutz-Grundverordnung Nr. 2016-679 vom 16. April 2016, die sogenannte &#8222;DSGVO&#8220;, und das Gesetz vom 6. Januar 1978 \u00fcber Informatik, Dateien und Freiheiten in der ge\u00e4nderten Fassung, insbesondere durch das sogenannte &#8222;LIL3&#8220;-Gesetz Nr. 2018-493 vom 20. Juni 2018 und seine Durchf\u00fchrungsverordnung sowie die Neufassung der Verordnung Nr. 2018-1225 vom 12. Dezember 2018.<\/p>\n<p>In diesem Zusammenhang wird der Nutzer darauf hingewiesen, dass :<\/p>\n<ul>\n<li>Der Verantwortliche f\u00fcr die Verarbeitung ist: Foxair, registriert unter der Nr. 450 697 834 &#8211; 2 rue Gabriel Bourdarias, 69200 V\u00e9nissieux &#8211; Tel.: +33 (0)1.1.1.2.2. : +33 4 78 84 40 00<\/li>\n<\/ul>\n<ul>\n<li>Der Zweck der Verarbeitung ist :\n<ul>\n<li>Kontaktaufnahme mit dem Nutzer, um auf seine Anfragen zu antworten.<\/li>\n<li>Kontaktaufnahme mit dem Nutzer zu Informations- oder Marketingzwecken.<\/li>\n<\/ul>\n<\/li>\n<\/ul>\n<ul>\n<li>Die Rechtsgrundlage f\u00fcr die Verarbeitung ist :\n<ul>\n<li>Berechtigtes Interesse, das durch die Notwendigkeit begr\u00fcndet ist, auf Anfragen des Nutzers zu antworten, seine Anfragen zu bearbeiten und f\u00fcr die Zwecke der Verbreitung von Informationen, die f\u00fcr den Nutzer n\u00fctzlich sind.<\/li>\n<li>Die Zustimmung des Nutzers zu kommerziellen oder Marketingzwecken, wobei der Nutzer das Recht hat, seine Zustimmung jederzeit zu widerrufen.<\/li>\n<\/ul>\n<\/li>\n<\/ul>\n<ul>\n<li>Die Empf\u00e4nger der Daten sind im Rahmen ihrer jeweiligen Zust\u00e4ndigkeiten :\n<ul>\n<li>die Mitglieder des Kommunikationsteams,<\/li>\n<li>des IT-Teams,<\/li>\n<li>und dem Verkaufsteam von Foxair<\/li>\n<\/ul>\n<\/li>\n<\/ul>\n<ul>\n<li>Die Daten werden wie folgt aufbewahrt:\n<ul>\n<li>f\u00fcr 3 Jahre nach unserem letzten Kontakt mit Ihnen.<\/li>\n<\/ul>\n<\/li>\n<\/ul>\n<ul>\n<li>In Bezug auf seine personenbezogenen Daten wird der Nutzer darauf hingewiesen, dass er das Recht auf Zugang, Berichtigung, L\u00f6schung und Widerspruch, das Recht auf Einschr\u00e4nkung der Verarbeitung, das Recht auf Daten\u00fcbertragbarkeit und das Recht hat, nicht Gegenstand einer automatisierten individuellen Entscheidung (einschlie\u00dflich Profiling) zu sein. Um dieses Recht auszu\u00fcben, gen\u00fcgt es, an die oben genannten Kontaktdaten zu schreiben oder eine E-Mail zu schicken.<\/li>\n<\/ul>\n<ul>\n<li>Gem\u00e4\u00df Artikel L.223-1 des Verbrauchergesetzbuches, unabh\u00e4ngig von der Beziehung zwischen dem Nutzer und Foxair und im Allgemeinen, hat Foxair auch das Recht, sich kostenlos in eine Liste f\u00fcr Telefonwerbung einzutragen, wenn Sie nicht telefonisch kontaktiert werden m\u00f6chten.<\/li>\n<\/ul>\n<ul>\n<li>Im Falle einer Anfechtung der Verarbeitung der pers\u00f6nlichen Daten des Nutzers kann der Nutzer eine Beschwerde bei der Aufsichtsbeh\u00f6rde einreichen, in diesem Fall bei der CNIL (<a href=\"https:\/\/www.cnil.fr\">https:\/\/www.cnil.fr<\/a>).<\/li>\n<\/ul>\n<ul>\n<li>Die Daten werden innerhalb der Europ\u00e4ischen Union gespeichert und verarbeitet.<\/li>\n<\/ul>\n\t\t\t\t\t\t<\/div>\n\t\t\t\t<\/div>\n\t\t\t\t\t<\/div>\n\t\t<\/div>\n\t\t\t\t\t<\/div>\n\t\t<\/section>\n\t\t\t\t\t<\/div>\n\t\t<\/div>\n\t\t\t\t\t<\/div>\n\t\t<\/section>\n\t\t\t\t<\/div>\n\t\t","protected":false},"excerpt":{"rendered":"<p>Datenschutzrichtlinie W\u00e4hrend der Navigation auf der Webseite und der Kommunikation mit Foxair wird der Nutzer aufgefordert, eine Reihe von pers\u00f6nlichen Daten&#8230;<\/p>\n","protected":false},"author":1,"featured_media":0,"parent":0,"menu_order":8,"comment_status":"closed","ping_status":"closed","template":"full-width.php","meta":{"footnotes":""},"yoast_head":"<!-- This site is optimized with the Yoast SEO plugin v23.0 - https:\/\/yoast.com\/wordpress\/plugins\/seo\/ -->\n<title>Datenschutzrichtlinie - Foxair<\/title>\n<meta name=\"robots\" content=\"index, follow, max-snippet:-1, max-image-preview:large, max-video-preview:-1\" \/>\n<link rel=\"canonical\" href=\"https:\/\/www.rafraichisseur-air.fr\/de\/datenschutzrichtlinie\/\" \/>\n<meta property=\"og:locale\" content=\"de_DE\" \/>\n<meta property=\"og:type\" content=\"article\" \/>\n<meta property=\"og:title\" content=\"Datenschutzrichtlinie - Foxair\" \/>\n<meta property=\"og:description\" content=\"Datenschutzrichtlinie W\u00e4hrend der Navigation auf der Webseite und der Kommunikation mit Foxair wird der Nutzer aufgefordert, eine Reihe von pers\u00f6nlichen Daten...\" \/>\n<meta property=\"og:url\" content=\"https:\/\/www.rafraichisseur-air.fr\/de\/datenschutzrichtlinie\/\" \/>\n<meta property=\"og:site_name\" content=\"Foxair\" \/>\n<meta property=\"article:publisher\" content=\"https:\/\/www.facebook.com\/foxair.france\" \/>\n<meta property=\"article:modified_time\" content=\"2024-07-08T16:02:54+00:00\" \/>\n<meta property=\"og:image\" content=\"https:\/\/www.rafraichisseur-air.fr\/wp-content\/uploads\/2015\/05\/logo-foxair.png\" \/>\n\t<meta property=\"og:image:width\" content=\"320\" \/>\n\t<meta property=\"og:image:height\" content=\"90\" \/>\n\t<meta property=\"og:image:type\" content=\"image\/png\" \/>\n<meta name=\"twitter:card\" content=\"summary_large_image\" \/>\n<meta name=\"twitter:label1\" content=\"Gesch\u00e4tzte Lesezeit\" \/>\n\t<meta name=\"twitter:data1\" content=\"2\u00a0Minuten\" \/>\n<script type=\"application\/ld+json\" class=\"yoast-schema-graph\">{\"@context\":\"https:\/\/schema.org\",\"@graph\":[{\"@type\":\"WebPage\",\"@id\":\"https:\/\/www.rafraichisseur-air.fr\/de\/datenschutzrichtlinie\/\",\"url\":\"https:\/\/www.rafraichisseur-air.fr\/de\/datenschutzrichtlinie\/\",\"name\":\"Datenschutzrichtlinie - Foxair\",\"isPartOf\":{\"@id\":\"https:\/\/www.rafraichisseur-air.fr\/de\/#website\"},\"datePublished\":\"2020-04-27T08:34:18+00:00\",\"dateModified\":\"2024-07-08T16:02:54+00:00\",\"inLanguage\":\"de\",\"potentialAction\":[{\"@type\":\"ReadAction\",\"target\":[\"https:\/\/www.rafraichisseur-air.fr\/de\/datenschutzrichtlinie\/\"]}]},{\"@type\":\"WebSite\",\"@id\":\"https:\/\/www.rafraichisseur-air.fr\/de\/#website\",\"url\":\"https:\/\/www.rafraichisseur-air.fr\/de\/\",\"name\":\"Foxair\",\"description\":\"Rafra\u00eechisseur d&#039;air par \u00e9vaporation\",\"potentialAction\":[{\"@type\":\"SearchAction\",\"target\":{\"@type\":\"EntryPoint\",\"urlTemplate\":\"https:\/\/www.rafraichisseur-air.fr\/de\/?s={search_term_string}\"},\"query-input\":\"required name=search_term_string\"}],\"inLanguage\":\"de\"}]}<\/script>\n<!-- \/ Yoast SEO plugin. -->","yoast_head_json":{"title":"Datenschutzrichtlinie - Foxair","robots":{"index":"index","follow":"follow","max-snippet":"max-snippet:-1","max-image-preview":"max-image-preview:large","max-video-preview":"max-video-preview:-1"},"canonical":"https:\/\/www.rafraichisseur-air.fr\/de\/datenschutzrichtlinie\/","og_locale":"de_DE","og_type":"article","og_title":"Datenschutzrichtlinie - Foxair","og_description":"Datenschutzrichtlinie W\u00e4hrend der Navigation auf der Webseite und der Kommunikation mit Foxair wird der Nutzer aufgefordert, eine Reihe von pers\u00f6nlichen Daten...","og_url":"https:\/\/www.rafraichisseur-air.fr\/de\/datenschutzrichtlinie\/","og_site_name":"Foxair","article_publisher":"https:\/\/www.facebook.com\/foxair.france","article_modified_time":"2024-07-08T16:02:54+00:00","og_image":[{"width":320,"height":90,"url":"https:\/\/www.rafraichisseur-air.fr\/wp-content\/uploads\/2015\/05\/logo-foxair.png","type":"image\/png"}],"twitter_card":"summary_large_image","twitter_misc":{"Gesch\u00e4tzte Lesezeit":"2\u00a0Minuten"},"schema":{"@context":"https:\/\/schema.org","@graph":[{"@type":"WebPage","@id":"https:\/\/www.rafraichisseur-air.fr\/de\/datenschutzrichtlinie\/","url":"https:\/\/www.rafraichisseur-air.fr\/de\/datenschutzrichtlinie\/","name":"Datenschutzrichtlinie - Foxair","isPartOf":{"@id":"https:\/\/www.rafraichisseur-air.fr\/de\/#website"},"datePublished":"2020-04-27T08:34:18+00:00","dateModified":"2024-07-08T16:02:54+00:00","inLanguage":"de","potentialAction":[{"@type":"ReadAction","target":["https:\/\/www.rafraichisseur-air.fr\/de\/datenschutzrichtlinie\/"]}]},{"@type":"WebSite","@id":"https:\/\/www.rafraichisseur-air.fr\/de\/#website","url":"https:\/\/www.rafraichisseur-air.fr\/de\/","name":"Foxair","description":"Rafra\u00eechisseur d&#039;air par \u00e9vaporation","potentialAction":[{"@type":"SearchAction","target":{"@type":"EntryPoint","urlTemplate":"https:\/\/www.rafraichisseur-air.fr\/de\/?s={search_term_string}"},"query-input":"required name=search_term_string"}],"inLanguage":"de"}]}},"_links":{"self":[{"href":"https:\/\/www.rafraichisseur-air.fr\/de\/wp-json\/wp\/v2\/pages\/36041"}],"collection":[{"href":"https:\/\/www.rafraichisseur-air.fr\/de\/wp-json\/wp\/v2\/pages"}],"about":[{"href":"https:\/\/www.rafraichisseur-air.fr\/de\/wp-json\/wp\/v2\/types\/page"}],"author":[{"embeddable":true,"href":"https:\/\/www.rafraichisseur-air.fr\/de\/wp-json\/wp\/v2\/users\/1"}],"replies":[{"embeddable":true,"href":"https:\/\/www.rafraichisseur-air.fr\/de\/wp-json\/wp\/v2\/comments?post=36041"}],"version-history":[{"count":0,"href":"https:\/\/www.rafraichisseur-air.fr\/de\/wp-json\/wp\/v2\/pages\/36041\/revisions"}],"wp:attachment":[{"href":"https:\/\/www.rafraichisseur-air.fr\/de\/wp-json\/wp\/v2\/media?parent=36041"}],"curies":[{"name":"wp","href":"https:\/\/api.w.org\/{rel}","templated":true}]}}