{"id":33345,"date":"2015-05-26T09:48:10","date_gmt":"2015-05-26T08:48:10","guid":{"rendered":"https:\/\/www.rafraichisseur-air.fr\/rechtliche-hinweise\/"},"modified":"2024-07-08T15:38:55","modified_gmt":"2024-07-08T14:38:55","slug":"rechtliche-hinweise","status":"publish","type":"page","link":"https:\/\/www.rafraichisseur-air.fr\/de\/rechtliche-hinweise\/","title":{"rendered":"Rechtliche Hinweise"},"content":{"rendered":"\t\t<div data-elementor-type=\"wp-page\" data-elementor-id=\"33345\" class=\"elementor elementor-33345 elementor-11539\">\n\t\t\t\t\t\t<section class=\"elementor-section elementor-top-section elementor-element elementor-element-42da5e6e elementor-section-full_width elementor-section-height-default elementor-section-height-default parallax_section_no qodef_elementor_container_no\" data-id=\"42da5e6e\" data-element_type=\"section\" data-settings=\"{&quot;background_background&quot;:&quot;classic&quot;,&quot;shape_divider_bottom&quot;:&quot;opacity-tilt&quot;}\">\n\t\t\t\t\t\t\t<div class=\"elementor-background-overlay\"><\/div>\n\t\t\t\t\t\t<div class=\"elementor-shape elementor-shape-bottom\" data-negative=\"false\">\n\t\t\t<svg xmlns=\"http:\/\/www.w3.org\/2000\/svg\" viewBox=\"0 0 2600 131.1\" preserveAspectRatio=\"none\">\n\t<path class=\"elementor-shape-fill\" d=\"M0 0L2600 0 2600 69.1 0 0z\"\/>\n\t<path class=\"elementor-shape-fill\" style=\"opacity:0.5\" d=\"M0 0L2600 0 2600 69.1 0 69.1z\"\/>\n\t<path class=\"elementor-shape-fill\" style=\"opacity:0.25\" d=\"M2600 0L0 0 0 130.1 2600 69.1z\"\/>\n<\/svg>\t\t<\/div>\n\t\t\t\t\t<div class=\"elementor-container elementor-column-gap-default\">\n\t\t\t\t\t<div class=\"elementor-column elementor-col-100 elementor-top-column elementor-element elementor-element-5b1eaf9d\" data-id=\"5b1eaf9d\" data-element_type=\"column\">\n\t\t\t<div class=\"elementor-widget-wrap elementor-element-populated\">\n\t\t\t\t\t\t<section class=\"elementor-section elementor-inner-section elementor-element elementor-element-435ea2f1 qodef_elementor_container_inner elementor-section-boxed elementor-section-height-default elementor-section-height-default parallax_section_no\" data-id=\"435ea2f1\" data-element_type=\"section\">\n\t\t\t\t\t\t<div class=\"elementor-container elementor-column-gap-default\">\n\t\t\t\t\t<div class=\"elementor-column elementor-col-100 elementor-inner-column elementor-element elementor-element-7de3f134\" data-id=\"7de3f134\" data-element_type=\"column\">\n\t\t\t<div class=\"elementor-widget-wrap elementor-element-populated\">\n\t\t\t\t\t\t<div class=\"elementor-element elementor-element-3785dd9c elementor-invisible elementor-widget elementor-widget-heading\" data-id=\"3785dd9c\" data-element_type=\"widget\" data-settings=\"{&quot;_animation&quot;:&quot;slideInLeft&quot;}\" data-widget_type=\"heading.default\">\n\t\t\t\t<div class=\"elementor-widget-container\">\n\t\t\t<h1 class=\"elementor-heading-title elementor-size-default\">Rechtliche Hinweise<\/h1>\t\t<\/div>\n\t\t\t\t<\/div>\n\t\t\t\t<div class=\"elementor-element elementor-element-257b55f3 elementor-widget elementor-widget-spacer\" data-id=\"257b55f3\" data-element_type=\"widget\" data-widget_type=\"spacer.default\">\n\t\t\t\t<div class=\"elementor-widget-container\">\n\t\t\t\t\t<div class=\"elementor-spacer\">\n\t\t\t<div class=\"elementor-spacer-inner\"><\/div>\n\t\t<\/div>\n\t\t\t\t<\/div>\n\t\t\t\t<\/div>\n\t\t\t\t\t<\/div>\n\t\t<\/div>\n\t\t\t\t\t<\/div>\n\t\t<\/section>\n\t\t\t\t\t<\/div>\n\t\t<\/div>\n\t\t\t\t\t<\/div>\n\t\t<\/section>\n\t\t\t\t<section class=\"elementor-section elementor-top-section elementor-element elementor-element-6261c046 elementor-section-full_width elementor-section-height-default elementor-section-height-default parallax_section_no qodef_elementor_container_no\" data-id=\"6261c046\" data-element_type=\"section\" data-settings=\"{&quot;background_background&quot;:&quot;classic&quot;,&quot;shape_divider_top&quot;:&quot;tilt&quot;}\">\n\t\t\t\t\t<div class=\"elementor-shape elementor-shape-top\" data-negative=\"false\">\n\t\t\t<svg xmlns=\"http:\/\/www.w3.org\/2000\/svg\" viewBox=\"0 0 1000 100\" preserveAspectRatio=\"none\">\n\t<path class=\"elementor-shape-fill\" d=\"M0,6V0h1000v100L0,6z\"\/>\n<\/svg>\t\t<\/div>\n\t\t\t\t\t<div class=\"elementor-container elementor-column-gap-default\">\n\t\t\t\t\t<div class=\"elementor-column elementor-col-100 elementor-top-column elementor-element elementor-element-67aa75a\" data-id=\"67aa75a\" data-element_type=\"column\">\n\t\t\t<div class=\"elementor-widget-wrap elementor-element-populated\">\n\t\t\t\t\t\t<section class=\"elementor-section elementor-inner-section elementor-element elementor-element-73d0fce7 qodef_elementor_container_inner elementor-section-boxed elementor-section-height-default elementor-section-height-default parallax_section_no\" data-id=\"73d0fce7\" data-element_type=\"section\">\n\t\t\t\t\t\t<div class=\"elementor-container elementor-column-gap-default\">\n\t\t\t\t\t<div class=\"elementor-column elementor-col-100 elementor-inner-column elementor-element elementor-element-3552faa1\" data-id=\"3552faa1\" data-element_type=\"column\" data-settings=\"{&quot;animation&quot;:&quot;none&quot;}\">\n\t\t\t<div class=\"elementor-widget-wrap elementor-element-populated\">\n\t\t\t\t\t\t<div class=\"elementor-element elementor-element-f1a9db1 elementor-widget elementor-widget-text-editor\" data-id=\"f1a9db1\" data-element_type=\"widget\" data-widget_type=\"text-editor.default\">\n\t\t\t\t<div class=\"elementor-widget-container\">\n\t\t\t\t\t\t\t<p>Der Zweck dieser Allgemeinen Gesch\u00e4ftsbedingungen ist es, alle Bedingungen f\u00fcr den Zugang und die Nutzung der Website festzulegen.<\/p>\n<p>Der Zugriff auf und die Nutzung der Website bedeutet, dass der Nutzer diese Bedingungen in ihrer neuesten Online-Version stillschweigend und vorbehaltlos akzeptiert.<\/p>\n<h2>1 &#8211; Obligatorische Angaben<\/h2>\n<p>Die Firma FOXAIR ist im Handelsregister von LYON unter der Nr. 852 828 060 eingetragen und hat ihren Sitz in 2 rue Gabriel Bourdarias, 69200 V\u00e9nissieux &#8211; Tel.: +33 (0)1.1.1.2.2. : +33 4 78 84 40 00.<\/p>\n<p>Leiter der Ver\u00f6ffentlichung: Laurent HAZOT.<\/p>\n<p>Design &amp; SEO : <em><br \/>\n  <a href=\"https:\/\/www.ionweb.fr\" target=\"_blank\" rel=\"nofollow noopener\">iOnweb<\/a><br \/>\n<\/em><\/p>\n<p>Hosting-Anbieter: OVH, 2 rue Kellermann &#8211; 59100 Roubaix, www.ovh.com.<\/p>\n<h2>2 &#8211; Zugang und Verf\u00fcgbarkeit der Website<\/h2>\n<p>Der Zugang zur Website www.rafraichisseur-air.fr ist f\u00fcr alle Personen offen, die sich \u00fcber die Aktivit\u00e4ten von FOXAIR informieren m\u00f6chten.<br \/>Der Zugang zur Webseite wird kontinuierlich und permanent gew\u00e4hrleistet, au\u00dfer im Falle h\u00f6herer Gewalt oder Ereignissen, die au\u00dferhalb der Kontrolle von FOXAIR liegen, und vorbehaltlich m\u00f6glicher Pannen und Wartungsarbeiten, die f\u00fcr den reibungslosen Betrieb der Webseite notwendig sind.<br \/>Dar\u00fcber hinaus kann FOXAIR aufgrund der Natur des Internets nicht garantieren, dass die Seite 24 Stunden am Tag und 7 Tage die Woche funktioniert.<\/p>\n<h2>3 &#8211; Haftung<\/h2>\n<p>FOXAIR bem\u00fcht sich, den Nutzern die zuverl\u00e4ssigsten und qualitativ hochwertigsten Informationen zur Verf\u00fcgung zu stellen.<br \/>FOXAIR garantiert jedoch nicht die Genauigkeit und Vollst\u00e4ndigkeit der Informationen, die auf der Seite verbreitet werden. FOXAIR kann daher nicht f\u00fcr direkte oder indirekte Sch\u00e4den haftbar gemacht werden, die von Nutzern oder Dritten erlitten wurden und die durch die Informationen auf der Seite und allgemein durch die Konsultation und Nutzung der Seite verursacht wurden.<br \/>FOXAIR hat keine Kontrolle \u00fcber die Seiten, die \u00fcber Hyperlinks mit der Seite verbunden sind und lehnt jegliche Verantwortung f\u00fcr diese Seiten und deren Inhalte ab.<\/p>\n<h2>4- Vertraulichkeit und pers\u00f6nliche Daten<\/h2>\n<p>Alle Daten, gleich welcher Art, wurden gem\u00e4\u00df den Bestimmungen des Gesetzes Nr. 78-17 vom 6. Januar 1978 \u00fcber Informatik, Dateien und Freiheiten bei der Commission Nationale Informatique et Libert\u00e9s (CNIL) angemeldet und werden auf der Website dargestellt oder gesammelt. Als Nutzer der Seite erlauben Sie FOXAIR, diese pers\u00f6nlichen Daten zu nutzen.<br \/>Als Nutzer haben Sie ein Recht auf Zugang, \u00c4nderung, Berichtigung und L\u00f6schung der Sie betreffenden Daten (Gesetz \u00fcber Informatik und Freiheiten vom 6. Januar 1978 in der ge\u00e4nderten Fassung).<br \/>F\u00fcr jede Anfrage zur L\u00f6schung oder Berichtigung wenden Sie sich bitte per Post an FOXAIR &#8211; 2 Rue Gabriel Bourdarias, 69200 V\u00e9nissieux.<\/p>\n<h2>5 &#8211; Cookies<\/h2>\n<p>FOXAIR kann das System der &#8222;Cookies&#8220; verwenden.<br \/>Das Cookie identifiziert Sie nicht namentlich. Er speichert jedoch Informationen \u00fcber die Navigation Ihres Computers auf unserer Website (die von Ihnen besuchten Seiten, das Datum und die Uhrzeit des Besuchs usw.).<br \/>Dadurch k\u00f6nnen wir feststellen, welche Teile unserer Website f\u00fcr Sie am interessantesten sind.<br \/>F\u00fcr Nutzer, die Identifikationsdaten (E-Mail, Passwort&#8230;) angegeben haben, die speziell f\u00fcr die Nutzung auf der Website (pers\u00f6nlicher Bereich&#8230;) bestimmt sind, werden diese &#8222;Cookies&#8220; verhindern, dass diese Identifikationsdaten jedes Mal erneut angegeben werden m\u00fcssen, da diese Cookies den Nutzer &#8222;wiedererkennen&#8220;.<br \/>Sie k\u00f6nnen die Existenz dieser &#8222;Cookies&#8220; erkennen und sie gegebenenfalls l\u00f6schen.<br \/>Sie k\u00f6nnen das Speichern von Cookies ablehnen, indem Sie diese Funktion in den Einstellungen Ihres Browsers deaktivieren.<\/p>\n<h2>6 &#8211; Geistiges Eigentum<\/h2>\n<p>Alle Texte, Fotos, Videos, Daten, Poster, Logos, Marken und andere auf der Website wiedergegebene Elemente sind vorbehalten und durch das Recht des geistigen Eigentums gesch\u00fctzt, insbesondere durch Urheberrechte, verwandte Schutzrechte, Markenrechte und durch die Gesetzgebung zum Schutz von Datenbanken.<br \/>Folglich darf keine Nutzung, Verbreitung, Vervielf\u00e4ltigung oder sonstige Bearbeitung dieser Dokumente, auch nicht in Teilen, ohne die ausdr\u00fcckliche Genehmigung des Autors gem\u00e4\u00df Artikel L. 111-1, L. 122-1 und L. 122-4 des Gesetzes \u00fcber geistiges Eigentum erfolgen.<br \/>Nur die gesetzlichen Ausnahmen gem\u00e4\u00df Artikel L. 122-5 des Gesetzes \u00fcber geistiges Eigentum sind zul\u00e4ssig, d. h. die Darstellung im Familienkreis, Privatkopien oder das Recht auf kurze Zitate (unter der Voraussetzung, dass in diesem Fall der Name des Autors und die Quelle deutlich angegeben werden).<br \/>Die Nichteinhaltung dieser Bestimmungen stellt eine F\u00e4lschung dar und kann daher gerichtlich verfolgt und insbesondere strafrechtlich geahndet werden.<\/p>\n<h2>7 &#8211; Verschiedenes<\/h2>\n<p>FOXAIR beh\u00e4lt sich das Recht vor, die Bedingungen dieser Allgemeinen Gesch\u00e4ftsbedingungen einseitig zu \u00e4ndern.<br \/>Die neuen Klauseln regeln k\u00fcnftig alle Beziehungen zwischen den Parteien, und nur die neue Version ist zwischen den Parteien ma\u00dfgeblich.<br \/>Die vorliegenden Bedingungen unterliegen dem franz\u00f6sischen Recht.<\/p>\n\t\t\t\t\t\t<\/div>\n\t\t\t\t<\/div>\n\t\t\t\t\t<\/div>\n\t\t<\/div>\n\t\t\t\t\t<\/div>\n\t\t<\/section>\n\t\t\t\t\t<\/div>\n\t\t<\/div>\n\t\t\t\t\t<\/div>\n\t\t<\/section>\n\t\t\t\t<\/div>\n\t\t","protected":false},"excerpt":{"rendered":"<p>Rechtliche Hinweise Der Zweck dieser Allgemeinen Gesch\u00e4ftsbedingungen ist es, alle Bedingungen f\u00fcr den Zugang und die Nutzung der Website festzulegen. Der&#8230;<\/p>\n","protected":false},"author":1,"featured_media":0,"parent":0,"menu_order":8,"comment_status":"closed","ping_status":"closed","template":"full-width.php","meta":{"footnotes":""},"yoast_head":"<!-- This site is optimized with the Yoast SEO plugin v23.0 - https:\/\/yoast.com\/wordpress\/plugins\/seo\/ -->\n<title>Rechtliche Hinweise - Foxair<\/title>\n<meta name=\"robots\" content=\"index, follow, max-snippet:-1, max-image-preview:large, max-video-preview:-1\" \/>\n<link rel=\"canonical\" href=\"https:\/\/www.rafraichisseur-air.fr\/de\/rechtliche-hinweise\/\" \/>\n<meta property=\"og:locale\" content=\"de_DE\" \/>\n<meta property=\"og:type\" content=\"article\" \/>\n<meta property=\"og:title\" content=\"Rechtliche Hinweise - Foxair\" \/>\n<meta property=\"og:description\" content=\"Rechtliche Hinweise Der Zweck dieser Allgemeinen Gesch\u00e4ftsbedingungen ist es, alle Bedingungen f\u00fcr den Zugang und die Nutzung der Website festzulegen. Der...\" \/>\n<meta property=\"og:url\" content=\"https:\/\/www.rafraichisseur-air.fr\/de\/rechtliche-hinweise\/\" \/>\n<meta property=\"og:site_name\" content=\"Foxair\" \/>\n<meta property=\"article:publisher\" content=\"https:\/\/www.facebook.com\/foxair.france\" \/>\n<meta property=\"article:modified_time\" content=\"2024-07-08T14:38:55+00:00\" \/>\n<meta property=\"og:image\" content=\"https:\/\/www.rafraichisseur-air.fr\/wp-content\/uploads\/2015\/05\/logo-foxair.png\" \/>\n\t<meta property=\"og:image:width\" content=\"320\" \/>\n\t<meta property=\"og:image:height\" content=\"90\" \/>\n\t<meta property=\"og:image:type\" content=\"image\/png\" \/>\n<meta name=\"twitter:card\" content=\"summary_large_image\" \/>\n<meta name=\"twitter:label1\" content=\"Gesch\u00e4tzte Lesezeit\" \/>\n\t<meta name=\"twitter:data1\" content=\"4\u00a0Minuten\" \/>\n<script type=\"application\/ld+json\" class=\"yoast-schema-graph\">{\"@context\":\"https:\/\/schema.org\",\"@graph\":[{\"@type\":\"WebPage\",\"@id\":\"https:\/\/www.rafraichisseur-air.fr\/de\/rechtliche-hinweise\/\",\"url\":\"https:\/\/www.rafraichisseur-air.fr\/de\/rechtliche-hinweise\/\",\"name\":\"Rechtliche Hinweise - Foxair\",\"isPartOf\":{\"@id\":\"https:\/\/www.rafraichisseur-air.fr\/de\/#website\"},\"datePublished\":\"2015-05-26T08:48:10+00:00\",\"dateModified\":\"2024-07-08T14:38:55+00:00\",\"inLanguage\":\"de\",\"potentialAction\":[{\"@type\":\"ReadAction\",\"target\":[\"https:\/\/www.rafraichisseur-air.fr\/de\/rechtliche-hinweise\/\"]}]},{\"@type\":\"WebSite\",\"@id\":\"https:\/\/www.rafraichisseur-air.fr\/de\/#website\",\"url\":\"https:\/\/www.rafraichisseur-air.fr\/de\/\",\"name\":\"Foxair\",\"description\":\"Rafra\u00eechisseur d&#039;air par \u00e9vaporation\",\"potentialAction\":[{\"@type\":\"SearchAction\",\"target\":{\"@type\":\"EntryPoint\",\"urlTemplate\":\"https:\/\/www.rafraichisseur-air.fr\/de\/?s={search_term_string}\"},\"query-input\":\"required name=search_term_string\"}],\"inLanguage\":\"de\"}]}<\/script>\n<!-- \/ Yoast SEO plugin. -->","yoast_head_json":{"title":"Rechtliche Hinweise - Foxair","robots":{"index":"index","follow":"follow","max-snippet":"max-snippet:-1","max-image-preview":"max-image-preview:large","max-video-preview":"max-video-preview:-1"},"canonical":"https:\/\/www.rafraichisseur-air.fr\/de\/rechtliche-hinweise\/","og_locale":"de_DE","og_type":"article","og_title":"Rechtliche Hinweise - Foxair","og_description":"Rechtliche Hinweise Der Zweck dieser Allgemeinen Gesch\u00e4ftsbedingungen ist es, alle Bedingungen f\u00fcr den Zugang und die Nutzung der Website festzulegen. Der...","og_url":"https:\/\/www.rafraichisseur-air.fr\/de\/rechtliche-hinweise\/","og_site_name":"Foxair","article_publisher":"https:\/\/www.facebook.com\/foxair.france","article_modified_time":"2024-07-08T14:38:55+00:00","og_image":[{"width":320,"height":90,"url":"https:\/\/www.rafraichisseur-air.fr\/wp-content\/uploads\/2015\/05\/logo-foxair.png","type":"image\/png"}],"twitter_card":"summary_large_image","twitter_misc":{"Gesch\u00e4tzte Lesezeit":"4\u00a0Minuten"},"schema":{"@context":"https:\/\/schema.org","@graph":[{"@type":"WebPage","@id":"https:\/\/www.rafraichisseur-air.fr\/de\/rechtliche-hinweise\/","url":"https:\/\/www.rafraichisseur-air.fr\/de\/rechtliche-hinweise\/","name":"Rechtliche Hinweise - Foxair","isPartOf":{"@id":"https:\/\/www.rafraichisseur-air.fr\/de\/#website"},"datePublished":"2015-05-26T08:48:10+00:00","dateModified":"2024-07-08T14:38:55+00:00","inLanguage":"de","potentialAction":[{"@type":"ReadAction","target":["https:\/\/www.rafraichisseur-air.fr\/de\/rechtliche-hinweise\/"]}]},{"@type":"WebSite","@id":"https:\/\/www.rafraichisseur-air.fr\/de\/#website","url":"https:\/\/www.rafraichisseur-air.fr\/de\/","name":"Foxair","description":"Rafra\u00eechisseur d&#039;air par \u00e9vaporation","potentialAction":[{"@type":"SearchAction","target":{"@type":"EntryPoint","urlTemplate":"https:\/\/www.rafraichisseur-air.fr\/de\/?s={search_term_string}"},"query-input":"required name=search_term_string"}],"inLanguage":"de"}]}},"_links":{"self":[{"href":"https:\/\/www.rafraichisseur-air.fr\/de\/wp-json\/wp\/v2\/pages\/33345"}],"collection":[{"href":"https:\/\/www.rafraichisseur-air.fr\/de\/wp-json\/wp\/v2\/pages"}],"about":[{"href":"https:\/\/www.rafraichisseur-air.fr\/de\/wp-json\/wp\/v2\/types\/page"}],"author":[{"embeddable":true,"href":"https:\/\/www.rafraichisseur-air.fr\/de\/wp-json\/wp\/v2\/users\/1"}],"replies":[{"embeddable":true,"href":"https:\/\/www.rafraichisseur-air.fr\/de\/wp-json\/wp\/v2\/comments?post=33345"}],"version-history":[{"count":0,"href":"https:\/\/www.rafraichisseur-air.fr\/de\/wp-json\/wp\/v2\/pages\/33345\/revisions"}],"wp:attachment":[{"href":"https:\/\/www.rafraichisseur-air.fr\/de\/wp-json\/wp\/v2\/media?parent=33345"}],"curies":[{"name":"wp","href":"https:\/\/api.w.org\/{rel}","templated":true}]}}